{"id":3948,"date":"2023-09-11T10:13:48","date_gmt":"2023-09-11T08:13:48","guid":{"rendered":"https:\/\/www.annejacqueminsablon.fr\/artistes\/"},"modified":"2024-03-26T08:27:59","modified_gmt":"2024-03-26T07:27:59","slug":"artists","status":"publish","type":"page","link":"https:\/\/www.annejacqueminsablon.fr\/en\/artists\/","title":{"rendered":"Artists"},"content":{"rendered":"<section class=\"wpb-content-wrapper\">[vc_row bg_gradient_direction=&#8221;0&#8243; thb_divider_position=&#8221;bottom&#8221; el_class=&#8221;hdr nomargintophdr hdrcollection&#8221; css=&#8221;.vc_custom_1706891629052{background-position: center !important;background-repeat: no-repeat !important;background-size: cover !important;}&#8221; bg_gradient2=&#8221;#beaca9&#8243; bg_gradient1=&#8221;#ffffff&#8221;][vc_column offset=&#8221;vc_col-lg-offset-1 vc_col-lg-10&#8243;][vc_column_text]\n<h1>Artists<\/h1>\n[\/vc_column_text][\/vc_column][\/vc_row][vc_row thb_row_padding=&#8221;true&#8221; thb_column_padding=&#8221;true&#8221; parallax=&#8221;content-moving&#8221; bg_gradient_direction=&#8221;0&#8243; thb_divider_position=&#8221;bottom&#8221; css=&#8221;.vc_custom_1685773003715{padding-top: 25px !important;padding-bottom: 50px !important;}&#8221; bg_gradient1=&#8221;#fafafa&#8221; bg_gradient2=&#8221;#ffffff&#8221;][vc_column offset=&#8221;vc_col-lg-offset-1 vc_col-lg-10&#8243;][vc_row_inner thb_column_padding=&#8221;true&#8221; content_placement=&#8221;top&#8221; css=&#8221;.vc_custom_1685949242841{padding-top: 4% !important;}&#8221;][vc_column_inner width=&#8221;2\/3&#8243;][vc_column_text css=&#8221;.vc_custom_1711438068735{margin-bottom: 20px !important;}&#8221;]\n<h2>Explore our artists gallery<\/h2>\n[\/vc_column_text][\/vc_column_inner][vc_column_inner width=&#8221;1\/3&#8243;][\/vc_column_inner][\/vc_row_inner][\/vc_column][\/vc_row][vc_row thb_row_padding=&#8221;true&#8221; thb_column_padding=&#8221;true&#8221; parallax=&#8221;content-moving&#8221; disable_element=&#8221;yes&#8221; bg_gradient_direction=&#8221;0&#8243; thb_divider_position=&#8221;bottom&#8221; css=&#8221;.vc_custom_1696146645943{padding-top: 25px !important;padding-bottom: 50px !important;}&#8221; bg_gradient1=&#8221;#fafafa&#8221; bg_gradient2=&#8221;#ffffff&#8221;][vc_column offset=&#8221;vc_col-lg-offset-1 vc_col-lg-10&#8243;][vc_row_inner thb_column_padding=&#8221;true&#8221; content_placement=&#8221;middle&#8221; disable_element=&#8221;yes&#8221; css=&#8221;.vc_custom_1694420115549{padding-top: 4% !important;padding-bottom: 3% !important;}&#8221;][vc_column_inner width=&#8221;1\/2&#8243;][vc_column_text css=&#8221;.vc_custom_1694330988051{margin-bottom: 20px !important;}&#8221;]\n<h2>\u00c0 propos de la galerie Anne Jacquemin Sablon<\/h2>\n<p>La<strong> galerie Anne Jacquemin Sablon<\/strong> ayant ouvert ses portes au public en 2015, est d\u00e9di\u00e9e au design et aux arts appliqu\u00e9s contemporains. Elle pr\u00e9sente une collection de mobiliers, luminaires, accessoires et oeuvres d\u2019art. La galerie est situ\u00e9e dans un espace unique et historique, initialement une boutique de mode des ann\u00e9es 20 et aujourd\u2019hui r\u00e9nov\u00e9e aux besoins d\u2019une galerie d\u2019art contemporain. La plupart des pi\u00e8ces ont \u00e9t\u00e9 con\u00e7ues par des architectes fran\u00e7ais de renom tels que Tristan Auer, et Maxime Old et \u00e9galement par des artistes \u00e9mergents de la sc\u00e8ne fran\u00e7aise, comme Samuel Latour et Vadim Garine.<\/p>\n<p>La galerie travaille en \u00e9troite collaboration avec des architectes d\u2019int\u00e9rieur sur des projets haut de gamme et a r\u00e9alis\u00e9 une collaboration avec l\u2019h\u00f4tel Crillon et l\u2019h\u00f4tel Les Bains pour l\u2019architecte Tristan Auer. Son partenariat avec Holly Hunt aux Etats Unis lui permet une pr\u00e9sence \u00e0 l\u2019\u00e9chelle mondiale.[\/vc_column_text][\/vc_column_inner][vc_column_inner width=&#8221;1\/2&#8243;][vc_column_text css=&#8221;.vc_custom_1694331060534{margin-bottom: 0px !important;}&#8221;]<img loading=\"lazy\" decoding=\"async\" class=\"alignnone wp-image-790 size-full\" src=\"https:\/\/www.annejacqueminsablon.fr\/wp-content\/uploads\/2023\/05\/ajs-1.jpg\" alt=\"\" width=\"1788\" height=\"1190\" \/>[\/vc_column_text][\/vc_column_inner][\/vc_row_inner][vc_row_inner thb_column_padding=&#8221;true&#8221; content_placement=&#8221;top&#8221; css=&#8221;.vc_custom_1684264507374{padding-top: 4% !important;padding-bottom: 3% !important;}&#8221;][vc_column_inner width=&#8221;1\/4&#8243;][vc_column_text css=&#8221;.vc_custom_1694420428469{margin-bottom: 20px !important;}&#8221;]\n<p style=\"text-align: center;\"><a href=\"https:\/\/www.annejacqueminsablon.fr\/en\/etiquette-produit\/alexandre-labruyere-en\/\"><img decoding=\"async\" class=\"alignnone size-full wp-image-1147 aligncenter\" src=\"https:\/\/www.annejacqueminsablon.fr\/wp-content\/uploads\/2023\/02\/ALEXANDRE-LABRUYERE-HD-416x564-1.jpg\" alt=\"\" width=\"200\" \/><br \/>\n<strong>Alexandre Labruy\u00e8re<\/strong><\/a><\/p>\n[\/vc_column_text][\/vc_column_inner][vc_column_inner width=&#8221;1\/4&#8243;][vc_column_text css=&#8221;.vc_custom_1694420436526{margin-bottom: 20px !important;}&#8221;]\n<p style=\"text-align: center;\"><a href=\"https:\/\/www.annejacqueminsablon.fr\/en\/etiquette-produit\/alexandre-labruyere-en\/\"><img decoding=\"async\" class=\"alignnone size-full wp-image-1147 aligncenter\" src=\"https:\/\/www.annejacqueminsablon.fr\/wp-content\/uploads\/2023\/02\/ALEXANDRE-LABRUYERE-HD-416x564-1.jpg\" alt=\"\" width=\"200\" \/><br \/>\n<strong>Alexandre Labruy\u00e8re<\/strong><\/a><\/p>\n[\/vc_column_text][\/vc_column_inner][vc_column_inner width=&#8221;1\/4&#8243;][vc_column_text css=&#8221;.vc_custom_1694420443767{margin-bottom: 20px !important;}&#8221;]\n<p style=\"text-align: center;\"><a href=\"https:\/\/www.annejacqueminsablon.fr\/en\/etiquette-produit\/alexandre-labruyere-en\/\"><img decoding=\"async\" class=\"alignnone size-full wp-image-1147 aligncenter\" src=\"https:\/\/www.annejacqueminsablon.fr\/wp-content\/uploads\/2023\/02\/ALEXANDRE-LABRUYERE-HD-416x564-1.jpg\" alt=\"\" width=\"200\" \/><br \/>\n<strong>Alexandre Labruy\u00e8re<\/strong><\/a><\/p>\n[\/vc_column_text][\/vc_column_inner][vc_column_inner width=&#8221;1\/4&#8243;][vc_column_text css=&#8221;.vc_custom_1694420449689{margin-bottom: 20px !important;}&#8221;]\n<p style=\"text-align: center;\"><a href=\"https:\/\/www.annejacqueminsablon.fr\/en\/etiquette-produit\/alexandre-labruyere-en\/\"><img decoding=\"async\" class=\"alignnone size-full wp-image-1147 aligncenter\" src=\"https:\/\/www.annejacqueminsablon.fr\/wp-content\/uploads\/2023\/02\/ALEXANDRE-LABRUYERE-HD-416x564-1.jpg\" alt=\"\" width=\"200\" \/><br \/>\n<strong>Alexandre Labruy\u00e8re<\/strong><\/a><\/p>\n[\/vc_column_text][\/vc_column_inner][\/vc_row_inner][vc_row_inner thb_column_padding=&#8221;true&#8221; content_placement=&#8221;top&#8221; css=&#8221;.vc_custom_1684264507374{padding-top: 4% !important;padding-bottom: 3% !important;}&#8221;][vc_column_inner width=&#8221;1\/4&#8243;][vc_column_text css=&#8221;.vc_custom_1694420428469{margin-bottom: 20px !important;}&#8221;]\n<p style=\"text-align: center;\"><a href=\"https:\/\/www.annejacqueminsablon.fr\/en\/etiquette-produit\/alexandre-labruyere-en\/\"><img decoding=\"async\" class=\"alignnone size-full wp-image-1147 aligncenter\" src=\"https:\/\/www.annejacqueminsablon.fr\/wp-content\/uploads\/2023\/02\/ALEXANDRE-LABRUYERE-HD-416x564-1.jpg\" alt=\"\" width=\"200\" \/><br \/>\n<strong>Alexandre Labruy\u00e8re<\/strong><\/a><\/p>\n[\/vc_column_text][\/vc_column_inner][vc_column_inner width=&#8221;1\/4&#8243;][vc_column_text css=&#8221;.vc_custom_1694420436526{margin-bottom: 20px !important;}&#8221;]\n<p style=\"text-align: center;\"><a href=\"https:\/\/www.annejacqueminsablon.fr\/en\/etiquette-produit\/alexandre-labruyere-en\/\"><img decoding=\"async\" class=\"alignnone size-full wp-image-1147 aligncenter\" src=\"https:\/\/www.annejacqueminsablon.fr\/wp-content\/uploads\/2023\/02\/ALEXANDRE-LABRUYERE-HD-416x564-1.jpg\" alt=\"\" width=\"200\" \/><br \/>\n<strong>Alexandre Labruy\u00e8re<\/strong><\/a><\/p>\n[\/vc_column_text][\/vc_column_inner][vc_column_inner width=&#8221;1\/4&#8243;][vc_column_text css=&#8221;.vc_custom_1694420443767{margin-bottom: 20px !important;}&#8221;]\n<p style=\"text-align: center;\"><a href=\"https:\/\/www.annejacqueminsablon.fr\/en\/etiquette-produit\/alexandre-labruyere-en\/\"><img decoding=\"async\" class=\"alignnone size-full wp-image-1147 aligncenter\" src=\"https:\/\/www.annejacqueminsablon.fr\/wp-content\/uploads\/2023\/02\/ALEXANDRE-LABRUYERE-HD-416x564-1.jpg\" alt=\"\" width=\"200\" \/><br \/>\n<strong>Alexandre Labruy\u00e8re<\/strong><\/a><\/p>\n[\/vc_column_text][\/vc_column_inner][vc_column_inner width=&#8221;1\/4&#8243;][vc_column_text css=&#8221;.vc_custom_1694420449689{margin-bottom: 20px !important;}&#8221;]\n<p style=\"text-align: center;\"><a href=\"https:\/\/www.annejacqueminsablon.fr\/en\/etiquette-produit\/alexandre-labruyere-en\/\"><img decoding=\"async\" class=\"alignnone size-full wp-image-1147 aligncenter\" src=\"https:\/\/www.annejacqueminsablon.fr\/wp-content\/uploads\/2023\/02\/ALEXANDRE-LABRUYERE-HD-416x564-1.jpg\" alt=\"\" width=\"200\" \/><br \/>\n<strong>Alexandre Labruy\u00e8re<\/strong><\/a><\/p>\n[\/vc_column_text][\/vc_column_inner][\/vc_row_inner][vc_row_inner thb_column_padding=&#8221;true&#8221; content_placement=&#8221;top&#8221; css=&#8221;.vc_custom_1684264507374{padding-top: 4% !important;padding-bottom: 3% !important;}&#8221;][vc_column_inner width=&#8221;1\/4&#8243;][vc_column_text css=&#8221;.vc_custom_1694420428469{margin-bottom: 20px !important;}&#8221;]\n<p style=\"text-align: center;\"><a href=\"https:\/\/www.annejacqueminsablon.fr\/en\/etiquette-produit\/alexandre-labruyere-en\/\"><img decoding=\"async\" class=\"alignnone size-full wp-image-1147 aligncenter\" src=\"https:\/\/www.annejacqueminsablon.fr\/wp-content\/uploads\/2023\/02\/ALEXANDRE-LABRUYERE-HD-416x564-1.jpg\" alt=\"\" width=\"200\" \/><br \/>\n<strong>Alexandre Labruy\u00e8re<\/strong><\/a><\/p>\n[\/vc_column_text][\/vc_column_inner][vc_column_inner width=&#8221;1\/4&#8243;][vc_column_text css=&#8221;.vc_custom_1694420436526{margin-bottom: 20px !important;}&#8221;]\n<p style=\"text-align: center;\"><a href=\"https:\/\/www.annejacqueminsablon.fr\/en\/etiquette-produit\/alexandre-labruyere-en\/\"><img decoding=\"async\" class=\"alignnone size-full wp-image-1147 aligncenter\" src=\"https:\/\/www.annejacqueminsablon.fr\/wp-content\/uploads\/2023\/02\/ALEXANDRE-LABRUYERE-HD-416x564-1.jpg\" alt=\"\" width=\"200\" \/><br \/>\n<strong>Alexandre Labruy\u00e8re<\/strong><\/a><\/p>\n[\/vc_column_text][\/vc_column_inner][vc_column_inner width=&#8221;1\/4&#8243;][vc_column_text css=&#8221;.vc_custom_1694420443767{margin-bottom: 20px !important;}&#8221;]\n<p style=\"text-align: center;\"><a href=\"https:\/\/www.annejacqueminsablon.fr\/en\/etiquette-produit\/alexandre-labruyere-en\/\"><img decoding=\"async\" class=\"alignnone size-full wp-image-1147 aligncenter\" src=\"https:\/\/www.annejacqueminsablon.fr\/wp-content\/uploads\/2023\/02\/ALEXANDRE-LABRUYERE-HD-416x564-1.jpg\" alt=\"\" width=\"200\" \/><br \/>\n<strong>Alexandre Labruy\u00e8re<\/strong><\/a><\/p>\n[\/vc_column_text][\/vc_column_inner][vc_column_inner width=&#8221;1\/4&#8243;][vc_column_text css=&#8221;.vc_custom_1694420449689{margin-bottom: 20px !important;}&#8221;]\n<p style=\"text-align: center;\"><a href=\"https:\/\/www.annejacqueminsablon.fr\/en\/etiquette-produit\/alexandre-labruyere-en\/\"><img decoding=\"async\" class=\"alignnone size-full wp-image-1147 aligncenter\" src=\"https:\/\/www.annejacqueminsablon.fr\/wp-content\/uploads\/2023\/02\/ALEXANDRE-LABRUYERE-HD-416x564-1.jpg\" alt=\"\" width=\"200\" \/><br \/>\n<strong>Alexandre Labruy\u00e8re<\/strong><\/a><\/p>\n[\/vc_column_text][\/vc_column_inner][\/vc_row_inner][\/vc_column][\/vc_row]\n<\/section>","protected":false},"excerpt":{"rendered":"<p>[vc_row bg_gradient_direction=&#8221;0&#8243; thb_divider_position=&#8221;bottom&#8221; el_class=&#8221;hdr nomargintophdr hdrcollection&#8221; css=&#8221;.vc_custom_1706891629052{background-position: center !important;background-repeat: no-repeat !important;background-size: cover !important;}&#8221; bg_gradient2=&#8221;#beaca9&#8243; bg_gradient1=&#8221;#ffffff&#8221;][vc_column offset=&#8221;vc_col-lg-offset-1 vc_col-lg-10&#8243;][vc_column_text] Artists [\/vc_column_text][\/vc_column][\/vc_row][vc_row thb_row_padding=&#8221;true&#8221; thb_column_padding=&#8221;true&#8221; parallax=&#8221;content-moving&#8221; bg_gradient_direction=&#8221;0&#8243; thb_divider_position=&#8221;bottom&#8221; css=&#8221;.vc_custom_1685773003715{padding-top: 25px !important;padding-bottom: 50px !important;}&#8221; bg_gradient1=&#8221;#fafafa&#8221; bg_gradient2=&#8221;#ffffff&#8221;][vc_column offset=&#8221;vc_col-lg-offset-1 vc_col-lg-10&#8243;][vc_row_inner thb_column_padding=&#8221;true&#8221; content_placement=&#8221;top&#8221; css=&#8221;.vc_custom_1685949242841{padding-top: 4% !important;}&#8221;][vc_column_inner width=&#8221;2\/3&#8243;][vc_column_text css=&#8221;.vc_custom_1711438068735{margin-bottom: 20px !important;}&#8221;] Explore our artists gallery [\/vc_column_text][\/vc_column_inner][vc_column_inner width=&#8221;1\/3&#8243;][\/vc_column_inner][\/vc_row_inner][\/vc_column][\/vc_row][vc_row thb_row_padding=&#8221;true&#8221; thb_column_padding=&#8221;true&#8221; parallax=&#8221;content-moving&#8221; disable_element=&#8221;yes&#8221; bg_gradient_direction=&#8221;0&#8243; thb_divider_position=&#8221;bottom&#8221; css=&#8221;.vc_custom_1696146645943{padding-top:&hellip;<\/p>\n","protected":false},"author":1,"featured_media":0,"parent":0,"menu_order":0,"comment_status":"closed","ping_status":"closed","template":"","meta":{"_acf_changed":false,"footnotes":""},"class_list":["post-3948","page","type-page","status-publish","hentry"],"acf":[],"yoast_head":"<!-- This site is optimized with the Yoast SEO plugin v23.7 - https:\/\/yoast.com\/wordpress\/plugins\/seo\/ -->\n<title>Artists - Anne Jacquemin Sablon<\/title>\n<meta name=\"robots\" content=\"index, follow, max-snippet:-1, max-image-preview:large, max-video-preview:-1\" \/>\n<link rel=\"canonical\" href=\"https:\/\/www.annejacqueminsablon.fr\/artistes\/\" \/>\n<meta property=\"og:locale\" content=\"en_US\" \/>\n<meta property=\"og:type\" content=\"article\" \/>\n<meta property=\"og:title\" content=\"Artists - Anne Jacquemin Sablon\" \/>\n<meta property=\"og:description\" content=\"[vc_row bg_gradient_direction=&#8221;0&#8243; thb_divider_position=&#8221;bottom&#8221; el_class=&#8221;hdr nomargintophdr hdrcollection&#8221; css=&#8221;.vc_custom_1706891629052{background-position: center !important;background-repeat: no-repeat !important;background-size: cover !important;}&#8221; bg_gradient2=&#8221;#beaca9&#8243; bg_gradient1=&#8221;#ffffff&#8221;][vc_column offset=&#8221;vc_col-lg-offset-1 vc_col-lg-10&#8243;][vc_column_text] Artists [\/vc_column_text][\/vc_column][\/vc_row][vc_row thb_row_padding=&#8221;true&#8221; thb_column_padding=&#8221;true&#8221; parallax=&#8221;content-moving&#8221; bg_gradient_direction=&#8221;0&#8243; thb_divider_position=&#8221;bottom&#8221; css=&#8221;.vc_custom_1685773003715{padding-top: 25px !important;padding-bottom: 50px !important;}&#8221; bg_gradient1=&#8221;#fafafa&#8221; bg_gradient2=&#8221;#ffffff&#8221;][vc_column offset=&#8221;vc_col-lg-offset-1 vc_col-lg-10&#8243;][vc_row_inner thb_column_padding=&#8221;true&#8221; content_placement=&#8221;top&#8221; css=&#8221;.vc_custom_1685949242841{padding-top: 4% !important;}&#8221;][vc_column_inner width=&#8221;2\/3&#8243;][vc_column_text css=&#8221;.vc_custom_1711438068735{margin-bottom: 20px !important;}&#8221;] Explore our artists gallery [\/vc_column_text][\/vc_column_inner][vc_column_inner width=&#8221;1\/3&#8243;][\/vc_column_inner][\/vc_row_inner][\/vc_column][\/vc_row][vc_row thb_row_padding=&#8221;true&#8221; thb_column_padding=&#8221;true&#8221; parallax=&#8221;content-moving&#8221; disable_element=&#8221;yes&#8221; bg_gradient_direction=&#8221;0&#8243; thb_divider_position=&#8221;bottom&#8221; css=&#8221;.vc_custom_1696146645943{padding-top:&hellip;\" \/>\n<meta property=\"og:url\" content=\"https:\/\/www.annejacqueminsablon.fr\/artistes\/\" \/>\n<meta property=\"og:site_name\" content=\"Anne Jacquemin Sablon\" \/>\n<meta property=\"article:modified_time\" content=\"2024-03-26T07:27:59+00:00\" \/>\n<meta property=\"og:image\" content=\"https:\/\/www.annejacqueminsablon.fr\/wp-content\/uploads\/2023\/05\/ajs-1.jpg\" \/>\n<meta name=\"twitter:card\" content=\"summary_large_image\" \/>\n<meta name=\"twitter:label1\" content=\"Est. reading time\" \/>\n\t<meta name=\"twitter:data1\" content=\"4 minutes\" \/>\n<script type=\"application\/ld+json\" class=\"yoast-schema-graph\">{\"@context\":\"https:\/\/schema.org\",\"@graph\":[{\"@type\":\"WebPage\",\"@id\":\"https:\/\/www.annejacqueminsablon.fr\/artistes\/\",\"url\":\"https:\/\/www.annejacqueminsablon.fr\/artistes\/\",\"name\":\"Artists - Anne Jacquemin Sablon\",\"isPartOf\":{\"@id\":\"https:\/\/www.annejacqueminsablon.fr\/#website\"},\"primaryImageOfPage\":{\"@id\":\"https:\/\/www.annejacqueminsablon.fr\/artistes\/#primaryimage\"},\"image\":{\"@id\":\"https:\/\/www.annejacqueminsablon.fr\/artistes\/#primaryimage\"},\"thumbnailUrl\":\"https:\/\/www.annejacqueminsablon.fr\/wp-content\/uploads\/2023\/05\/ajs-1.jpg\",\"datePublished\":\"2023-09-11T08:13:48+00:00\",\"dateModified\":\"2024-03-26T07:27:59+00:00\",\"breadcrumb\":{\"@id\":\"https:\/\/www.annejacqueminsablon.fr\/artistes\/#breadcrumb\"},\"inLanguage\":\"en-US\",\"potentialAction\":[{\"@type\":\"ReadAction\",\"target\":[\"https:\/\/www.annejacqueminsablon.fr\/artistes\/\"]}]},{\"@type\":\"ImageObject\",\"inLanguage\":\"en-US\",\"@id\":\"https:\/\/www.annejacqueminsablon.fr\/artistes\/#primaryimage\",\"url\":\"https:\/\/www.annejacqueminsablon.fr\/wp-content\/uploads\/2023\/05\/ajs-1.jpg\",\"contentUrl\":\"https:\/\/www.annejacqueminsablon.fr\/wp-content\/uploads\/2023\/05\/ajs-1.jpg\"},{\"@type\":\"BreadcrumbList\",\"@id\":\"https:\/\/www.annejacqueminsablon.fr\/artistes\/#breadcrumb\",\"itemListElement\":[{\"@type\":\"ListItem\",\"position\":1,\"name\":\"Home\",\"item\":\"https:\/\/www.annejacqueminsablon.fr\/\"},{\"@type\":\"ListItem\",\"position\":2,\"name\":\"Artists\"}]},{\"@type\":\"WebSite\",\"@id\":\"https:\/\/www.annejacqueminsablon.fr\/#website\",\"url\":\"https:\/\/www.annejacqueminsablon.fr\/\",\"name\":\"Anne Jacquemin Sablon\",\"description\":\"Design d&#039;int\u00e9rieur, mobilier contemporain, arts d\u00e9coratifs\",\"potentialAction\":[{\"@type\":\"SearchAction\",\"target\":{\"@type\":\"EntryPoint\",\"urlTemplate\":\"https:\/\/www.annejacqueminsablon.fr\/?s={search_term_string}\"},\"query-input\":{\"@type\":\"PropertyValueSpecification\",\"valueRequired\":true,\"valueName\":\"search_term_string\"}}],\"inLanguage\":\"en-US\"}]}<\/script>\n<!-- \/ Yoast SEO plugin. -->","yoast_head_json":{"title":"Artists - Anne Jacquemin Sablon","robots":{"index":"index","follow":"follow","max-snippet":"max-snippet:-1","max-image-preview":"max-image-preview:large","max-video-preview":"max-video-preview:-1"},"canonical":"https:\/\/www.annejacqueminsablon.fr\/artistes\/","og_locale":"en_US","og_type":"article","og_title":"Artists - Anne Jacquemin Sablon","og_description":"[vc_row bg_gradient_direction=&#8221;0&#8243; thb_divider_position=&#8221;bottom&#8221; el_class=&#8221;hdr nomargintophdr hdrcollection&#8221; css=&#8221;.vc_custom_1706891629052{background-position: center !important;background-repeat: no-repeat !important;background-size: cover !important;}&#8221; bg_gradient2=&#8221;#beaca9&#8243; bg_gradient1=&#8221;#ffffff&#8221;][vc_column offset=&#8221;vc_col-lg-offset-1 vc_col-lg-10&#8243;][vc_column_text] Artists [\/vc_column_text][\/vc_column][\/vc_row][vc_row thb_row_padding=&#8221;true&#8221; thb_column_padding=&#8221;true&#8221; parallax=&#8221;content-moving&#8221; bg_gradient_direction=&#8221;0&#8243; thb_divider_position=&#8221;bottom&#8221; css=&#8221;.vc_custom_1685773003715{padding-top: 25px !important;padding-bottom: 50px !important;}&#8221; bg_gradient1=&#8221;#fafafa&#8221; bg_gradient2=&#8221;#ffffff&#8221;][vc_column offset=&#8221;vc_col-lg-offset-1 vc_col-lg-10&#8243;][vc_row_inner thb_column_padding=&#8221;true&#8221; content_placement=&#8221;top&#8221; css=&#8221;.vc_custom_1685949242841{padding-top: 4% !important;}&#8221;][vc_column_inner width=&#8221;2\/3&#8243;][vc_column_text css=&#8221;.vc_custom_1711438068735{margin-bottom: 20px !important;}&#8221;] Explore our artists gallery [\/vc_column_text][\/vc_column_inner][vc_column_inner width=&#8221;1\/3&#8243;][\/vc_column_inner][\/vc_row_inner][\/vc_column][\/vc_row][vc_row thb_row_padding=&#8221;true&#8221; thb_column_padding=&#8221;true&#8221; parallax=&#8221;content-moving&#8221; disable_element=&#8221;yes&#8221; bg_gradient_direction=&#8221;0&#8243; thb_divider_position=&#8221;bottom&#8221; css=&#8221;.vc_custom_1696146645943{padding-top:&hellip;","og_url":"https:\/\/www.annejacqueminsablon.fr\/artistes\/","og_site_name":"Anne Jacquemin Sablon","article_modified_time":"2024-03-26T07:27:59+00:00","og_image":[{"url":"https:\/\/www.annejacqueminsablon.fr\/wp-content\/uploads\/2023\/05\/ajs-1.jpg"}],"twitter_card":"summary_large_image","twitter_misc":{"Est. reading time":"4 minutes"},"schema":{"@context":"https:\/\/schema.org","@graph":[{"@type":"WebPage","@id":"https:\/\/www.annejacqueminsablon.fr\/artistes\/","url":"https:\/\/www.annejacqueminsablon.fr\/artistes\/","name":"Artists - Anne Jacquemin Sablon","isPartOf":{"@id":"https:\/\/www.annejacqueminsablon.fr\/#website"},"primaryImageOfPage":{"@id":"https:\/\/www.annejacqueminsablon.fr\/artistes\/#primaryimage"},"image":{"@id":"https:\/\/www.annejacqueminsablon.fr\/artistes\/#primaryimage"},"thumbnailUrl":"https:\/\/www.annejacqueminsablon.fr\/wp-content\/uploads\/2023\/05\/ajs-1.jpg","datePublished":"2023-09-11T08:13:48+00:00","dateModified":"2024-03-26T07:27:59+00:00","breadcrumb":{"@id":"https:\/\/www.annejacqueminsablon.fr\/artistes\/#breadcrumb"},"inLanguage":"en-US","potentialAction":[{"@type":"ReadAction","target":["https:\/\/www.annejacqueminsablon.fr\/artistes\/"]}]},{"@type":"ImageObject","inLanguage":"en-US","@id":"https:\/\/www.annejacqueminsablon.fr\/artistes\/#primaryimage","url":"https:\/\/www.annejacqueminsablon.fr\/wp-content\/uploads\/2023\/05\/ajs-1.jpg","contentUrl":"https:\/\/www.annejacqueminsablon.fr\/wp-content\/uploads\/2023\/05\/ajs-1.jpg"},{"@type":"BreadcrumbList","@id":"https:\/\/www.annejacqueminsablon.fr\/artistes\/#breadcrumb","itemListElement":[{"@type":"ListItem","position":1,"name":"Home","item":"https:\/\/www.annejacqueminsablon.fr\/"},{"@type":"ListItem","position":2,"name":"Artists"}]},{"@type":"WebSite","@id":"https:\/\/www.annejacqueminsablon.fr\/#website","url":"https:\/\/www.annejacqueminsablon.fr\/","name":"Anne Jacquemin Sablon","description":"Design d&#039;int\u00e9rieur, mobilier contemporain, arts d\u00e9coratifs","potentialAction":[{"@type":"SearchAction","target":{"@type":"EntryPoint","urlTemplate":"https:\/\/www.annejacqueminsablon.fr\/?s={search_term_string}"},"query-input":{"@type":"PropertyValueSpecification","valueRequired":true,"valueName":"search_term_string"}}],"inLanguage":"en-US"}]}},"_links":{"self":[{"href":"https:\/\/www.annejacqueminsablon.fr\/en\/wp-json\/wp\/v2\/pages\/3948","targetHints":{"allow":["GET"]}}],"collection":[{"href":"https:\/\/www.annejacqueminsablon.fr\/en\/wp-json\/wp\/v2\/pages"}],"about":[{"href":"https:\/\/www.annejacqueminsablon.fr\/en\/wp-json\/wp\/v2\/types\/page"}],"author":[{"embeddable":true,"href":"https:\/\/www.annejacqueminsablon.fr\/en\/wp-json\/wp\/v2\/users\/1"}],"replies":[{"embeddable":true,"href":"https:\/\/www.annejacqueminsablon.fr\/en\/wp-json\/wp\/v2\/comments?post=3948"}],"version-history":[{"count":2,"href":"https:\/\/www.annejacqueminsablon.fr\/en\/wp-json\/wp\/v2\/pages\/3948\/revisions"}],"predecessor-version":[{"id":3950,"href":"https:\/\/www.annejacqueminsablon.fr\/en\/wp-json\/wp\/v2\/pages\/3948\/revisions\/3950"}],"wp:attachment":[{"href":"https:\/\/www.annejacqueminsablon.fr\/en\/wp-json\/wp\/v2\/media?parent=3948"}],"curies":[{"name":"wp","href":"https:\/\/api.w.org\/{rel}","templated":true}]}}