{"id":5235,"date":"2024-11-20T16:48:47","date_gmt":"2024-11-20T15:48:47","guid":{"rendered":"https:\/\/www.annejacqueminsablon.fr\/?post_type=product&#038;p=5235"},"modified":"2024-11-28T11:45:51","modified_gmt":"2024-11-28T10:45:51","slug":"element-shelf","status":"publish","type":"product","link":"https:\/\/www.annejacqueminsablon.fr\/en\/produit\/element-shelf\/","title":{"rendered":"Element Shelf"},"content":{"rendered":"<p>ELEMENT SHELF<\/p>\n<p>This low arched wall bookcase is made of sandblasted spruce on lacquer panel. This piece created in 2020 is the result of a collaboration between the Atelier Linn\u00e9 for its cabinet work and Denis Perrollaz who made the lacquer panel, oil on aluminium and resin. The Element bookcase is composed of two sandblasted spruce shelves. The shades of wood and lacquer can be customized, on demand, depending on the project.<\/p>\n<p>Lead time production is 16 weeks<\/p>\n","protected":false},"excerpt":{"rendered":"<p>Atelier Linn\u00e9 x Denis Perrollaz<br \/>\n<em>Element Shelf<\/em>, 2020<br \/>\nSandblasted spruce, lacquer<br \/>\n130 x 80 x 17 cm \/ 51 x 31 x 6 in<\/p>\n<p>Lead time production: 16 weeks<\/p>\n<p>&nbsp;<\/p>\n<p>A certificate of authenticity is issued by the gallery<\/p>\n","protected":false},"featured_media":5286,"template":"","meta":{"_acf_changed":false},"product-pages":[],"product_cat":[177],"product_tag":[185,272],"class_list":{"0":"post-5235","1":"product","2":"type-product","3":"status-publish","4":"has-post-thumbnail","6":"product_cat-furniture","7":"product_tag-atelier-linne-en","8":"product_tag-denis-perrollaz-en","10":"first","11":"instock","12":"taxable","13":"shipping-taxable","14":"purchasable","15":"product-type-simple"},"acf":[],"yoast_head":"<!-- This site is optimized with the Yoast SEO plugin v23.7 - https:\/\/yoast.com\/wordpress\/plugins\/seo\/ -->\n<title>Element Shelf - Anne Jacquemin Sablon<\/title>\n<meta name=\"description\" content=\"This low arched wall bookcase is made of sandblasted spruce on lacquer panel. This piece created in 2020 is the result of a collaboration\" \/>\n<meta name=\"robots\" content=\"index, follow, max-snippet:-1, max-image-preview:large, max-video-preview:-1\" \/>\n<link rel=\"canonical\" href=\"https:\/\/www.annejacqueminsablon.fr\/en\/produit\/element-shelf\/\" \/>\n<meta property=\"og:locale\" content=\"en_US\" \/>\n<meta property=\"og:type\" content=\"article\" \/>\n<meta property=\"og:title\" content=\"Element Shelf - Anne Jacquemin Sablon\" \/>\n<meta property=\"og:description\" content=\"This low arched wall bookcase is made of sandblasted spruce on lacquer panel. This piece created in 2020 is the result of a collaboration\" \/>\n<meta property=\"og:url\" content=\"https:\/\/www.annejacqueminsablon.fr\/en\/produit\/element-shelf\/\" \/>\n<meta property=\"og:site_name\" content=\"Anne Jacquemin Sablon\" \/>\n<meta property=\"article:modified_time\" content=\"2024-11-28T10:45:51+00:00\" \/>\n<meta property=\"og:image\" content=\"https:\/\/www.annejacqueminsablon.fr\/wp-content\/uploads\/2024\/11\/Design-sans-titre10.png\" \/>\n\t<meta property=\"og:image:width\" content=\"1080\" \/>\n\t<meta property=\"og:image:height\" content=\"1080\" \/>\n\t<meta property=\"og:image:type\" content=\"image\/png\" \/>\n<meta name=\"twitter:card\" content=\"summary_large_image\" \/>\n<meta name=\"twitter:label1\" content=\"Est. reading time\" \/>\n\t<meta name=\"twitter:data1\" content=\"1 minute\" \/>\n<script type=\"application\/ld+json\" class=\"yoast-schema-graph\">{\"@context\":\"https:\/\/schema.org\",\"@graph\":[{\"@type\":\"WebPage\",\"@id\":\"https:\/\/www.annejacqueminsablon.fr\/en\/produit\/element-shelf\/\",\"url\":\"https:\/\/www.annejacqueminsablon.fr\/en\/produit\/element-shelf\/\",\"name\":\"Element Shelf - Anne Jacquemin Sablon\",\"isPartOf\":{\"@id\":\"https:\/\/www.annejacqueminsablon.fr\/#website\"},\"primaryImageOfPage\":{\"@id\":\"https:\/\/www.annejacqueminsablon.fr\/en\/produit\/element-shelf\/#primaryimage\"},\"image\":{\"@id\":\"https:\/\/www.annejacqueminsablon.fr\/en\/produit\/element-shelf\/#primaryimage\"},\"thumbnailUrl\":\"https:\/\/www.annejacqueminsablon.fr\/wp-content\/uploads\/2024\/11\/Design-sans-titre10.png\",\"datePublished\":\"2024-11-20T15:48:47+00:00\",\"dateModified\":\"2024-11-28T10:45:51+00:00\",\"description\":\"This low arched wall bookcase is made of sandblasted spruce on lacquer panel. This piece created in 2020 is the result of a collaboration\",\"breadcrumb\":{\"@id\":\"https:\/\/www.annejacqueminsablon.fr\/en\/produit\/element-shelf\/#breadcrumb\"},\"inLanguage\":\"en-US\",\"potentialAction\":[{\"@type\":\"ReadAction\",\"target\":[\"https:\/\/www.annejacqueminsablon.fr\/en\/produit\/element-shelf\/\"]}]},{\"@type\":\"ImageObject\",\"inLanguage\":\"en-US\",\"@id\":\"https:\/\/www.annejacqueminsablon.fr\/en\/produit\/element-shelf\/#primaryimage\",\"url\":\"https:\/\/www.annejacqueminsablon.fr\/wp-content\/uploads\/2024\/11\/Design-sans-titre10.png\",\"contentUrl\":\"https:\/\/www.annejacqueminsablon.fr\/wp-content\/uploads\/2024\/11\/Design-sans-titre10.png\",\"width\":1080,\"height\":1080,\"caption\":\"Atelier Linn\u00e9, Etag\u00e8re El\u00e9ment, 2023 - \u00a9 Marie Beaufreton\"},{\"@type\":\"BreadcrumbList\",\"@id\":\"https:\/\/www.annejacqueminsablon.fr\/en\/produit\/element-shelf\/#breadcrumb\",\"itemListElement\":[{\"@type\":\"ListItem\",\"position\":1,\"name\":\"Home\",\"item\":\"https:\/\/www.annejacqueminsablon.fr\/\"},{\"@type\":\"ListItem\",\"position\":2,\"name\":\"Boutique\",\"item\":\"https:\/\/www.annejacqueminsablon.fr\/boutique\/\"},{\"@type\":\"ListItem\",\"position\":3,\"name\":\"Element Shelf\"}]},{\"@type\":\"WebSite\",\"@id\":\"https:\/\/www.annejacqueminsablon.fr\/#website\",\"url\":\"https:\/\/www.annejacqueminsablon.fr\/\",\"name\":\"Anne Jacquemin Sablon\",\"description\":\"Design d&#039;int\u00e9rieur, mobilier contemporain, arts d\u00e9coratifs\",\"potentialAction\":[{\"@type\":\"SearchAction\",\"target\":{\"@type\":\"EntryPoint\",\"urlTemplate\":\"https:\/\/www.annejacqueminsablon.fr\/?s={search_term_string}\"},\"query-input\":{\"@type\":\"PropertyValueSpecification\",\"valueRequired\":true,\"valueName\":\"search_term_string\"}}],\"inLanguage\":\"en-US\"}]}<\/script>\n<!-- \/ Yoast SEO plugin. -->","yoast_head_json":{"title":"Element Shelf - Anne Jacquemin Sablon","description":"This low arched wall bookcase is made of sandblasted spruce on lacquer panel. This piece created in 2020 is the result of a collaboration","robots":{"index":"index","follow":"follow","max-snippet":"max-snippet:-1","max-image-preview":"max-image-preview:large","max-video-preview":"max-video-preview:-1"},"canonical":"https:\/\/www.annejacqueminsablon.fr\/en\/produit\/element-shelf\/","og_locale":"en_US","og_type":"article","og_title":"Element Shelf - Anne Jacquemin Sablon","og_description":"This low arched wall bookcase is made of sandblasted spruce on lacquer panel. This piece created in 2020 is the result of a collaboration","og_url":"https:\/\/www.annejacqueminsablon.fr\/en\/produit\/element-shelf\/","og_site_name":"Anne Jacquemin Sablon","article_modified_time":"2024-11-28T10:45:51+00:00","og_image":[{"width":1080,"height":1080,"url":"https:\/\/www.annejacqueminsablon.fr\/wp-content\/uploads\/2024\/11\/Design-sans-titre10.png","type":"image\/png"}],"twitter_card":"summary_large_image","twitter_misc":{"Est. reading time":"1 minute"},"schema":{"@context":"https:\/\/schema.org","@graph":[{"@type":"WebPage","@id":"https:\/\/www.annejacqueminsablon.fr\/en\/produit\/element-shelf\/","url":"https:\/\/www.annejacqueminsablon.fr\/en\/produit\/element-shelf\/","name":"Element Shelf - Anne Jacquemin Sablon","isPartOf":{"@id":"https:\/\/www.annejacqueminsablon.fr\/#website"},"primaryImageOfPage":{"@id":"https:\/\/www.annejacqueminsablon.fr\/en\/produit\/element-shelf\/#primaryimage"},"image":{"@id":"https:\/\/www.annejacqueminsablon.fr\/en\/produit\/element-shelf\/#primaryimage"},"thumbnailUrl":"https:\/\/www.annejacqueminsablon.fr\/wp-content\/uploads\/2024\/11\/Design-sans-titre10.png","datePublished":"2024-11-20T15:48:47+00:00","dateModified":"2024-11-28T10:45:51+00:00","description":"This low arched wall bookcase is made of sandblasted spruce on lacquer panel. This piece created in 2020 is the result of a collaboration","breadcrumb":{"@id":"https:\/\/www.annejacqueminsablon.fr\/en\/produit\/element-shelf\/#breadcrumb"},"inLanguage":"en-US","potentialAction":[{"@type":"ReadAction","target":["https:\/\/www.annejacqueminsablon.fr\/en\/produit\/element-shelf\/"]}]},{"@type":"ImageObject","inLanguage":"en-US","@id":"https:\/\/www.annejacqueminsablon.fr\/en\/produit\/element-shelf\/#primaryimage","url":"https:\/\/www.annejacqueminsablon.fr\/wp-content\/uploads\/2024\/11\/Design-sans-titre10.png","contentUrl":"https:\/\/www.annejacqueminsablon.fr\/wp-content\/uploads\/2024\/11\/Design-sans-titre10.png","width":1080,"height":1080,"caption":"Atelier Linn\u00e9, Etag\u00e8re El\u00e9ment, 2023 - \u00a9 Marie Beaufreton"},{"@type":"BreadcrumbList","@id":"https:\/\/www.annejacqueminsablon.fr\/en\/produit\/element-shelf\/#breadcrumb","itemListElement":[{"@type":"ListItem","position":1,"name":"Home","item":"https:\/\/www.annejacqueminsablon.fr\/"},{"@type":"ListItem","position":2,"name":"Boutique","item":"https:\/\/www.annejacqueminsablon.fr\/boutique\/"},{"@type":"ListItem","position":3,"name":"Element Shelf"}]},{"@type":"WebSite","@id":"https:\/\/www.annejacqueminsablon.fr\/#website","url":"https:\/\/www.annejacqueminsablon.fr\/","name":"Anne Jacquemin Sablon","description":"Design d&#039;int\u00e9rieur, mobilier contemporain, arts d\u00e9coratifs","potentialAction":[{"@type":"SearchAction","target":{"@type":"EntryPoint","urlTemplate":"https:\/\/www.annejacqueminsablon.fr\/?s={search_term_string}"},"query-input":{"@type":"PropertyValueSpecification","valueRequired":true,"valueName":"search_term_string"}}],"inLanguage":"en-US"}]}},"_links":{"self":[{"href":"https:\/\/www.annejacqueminsablon.fr\/en\/wp-json\/wp\/v2\/product\/5235","targetHints":{"allow":["GET"]}}],"collection":[{"href":"https:\/\/www.annejacqueminsablon.fr\/en\/wp-json\/wp\/v2\/product"}],"about":[{"href":"https:\/\/www.annejacqueminsablon.fr\/en\/wp-json\/wp\/v2\/types\/product"}],"wp:featuredmedia":[{"embeddable":true,"href":"https:\/\/www.annejacqueminsablon.fr\/en\/wp-json\/wp\/v2\/media\/5286"}],"wp:attachment":[{"href":"https:\/\/www.annejacqueminsablon.fr\/en\/wp-json\/wp\/v2\/media?parent=5235"}],"wp:term":[{"taxonomy":"product-pages","embeddable":true,"href":"https:\/\/www.annejacqueminsablon.fr\/en\/wp-json\/wp\/v2\/product-pages?post=5235"},{"taxonomy":"product_cat","embeddable":true,"href":"https:\/\/www.annejacqueminsablon.fr\/en\/wp-json\/wp\/v2\/product_cat?post=5235"},{"taxonomy":"product_tag","embeddable":true,"href":"https:\/\/www.annejacqueminsablon.fr\/en\/wp-json\/wp\/v2\/product_tag?post=5235"}],"curies":[{"name":"wp","href":"https:\/\/api.w.org\/{rel}","templated":true}]}}