{"id":5544,"date":"2024-11-23T16:56:29","date_gmt":"2024-11-23T15:56:29","guid":{"rendered":"https:\/\/www.annejacqueminsablon.fr\/produit\/suspension-eden-noire\/"},"modified":"2024-12-19T16:54:40","modified_gmt":"2024-12-19T15:54:40","slug":"eden-black-pendant-light","status":"publish","type":"product","link":"https:\/\/www.annejacqueminsablon.fr\/en\/produit\/eden-black-pendant-light\/","title":{"rendered":"Eden black pendant light"},"content":{"rendered":"<h3>Eden black pendant light<\/h3>\n<p>St\u00e9phanie Balini\u2019s Eden pendant light is a modular system of light elements that offers infinite scope for customisation. This cast bronze LED luminaire is available in two finishes, black patina or bright gold, and in two sizes. It can be assembled in a variety of ways, lined up or clustered, to create a unique, sculptural composition.<\/p>\n<p>Optional: UK, EU and US electrification system and stem height on request: info@annejacqueminsablon.fr<\/p>\n<p>&nbsp;<\/p>\n","protected":false},"excerpt":{"rendered":"<p>St\u00e9phanie Balini<br \/>\nEden black pendant light, 2024<br \/>\nBronze, black patina<br \/>\n19 x \u00f8 9,5 cm \/ 7.5 x \u00f8 3.7 in<\/p>\n<p>Options: Can be customised on request info@annejacqueminsablon.fr<\/p>\n<p>Signed by the artist<\/p>\n<p>A certificate of authenticity is issued by the gallery<\/p>\n","protected":false},"featured_media":6571,"template":"","meta":{"_acf_changed":false},"product-pages":[],"product_cat":[183],"product_tag":[254],"class_list":{"0":"post-5544","1":"product","2":"type-product","3":"status-publish","4":"has-post-thumbnail","6":"product_cat-lighting","7":"product_tag-stephanie-balini-en","9":"first","10":"onbackorder","11":"taxable","12":"shipping-taxable","13":"purchasable","14":"product-type-simple"},"acf":[],"yoast_head":"<!-- This site is optimized with the Yoast SEO plugin v23.7 - https:\/\/yoast.com\/wordpress\/plugins\/seo\/ -->\n<title>Eden black pendant light - Anne Jacquemin Sablon<\/title>\n<meta name=\"description\" content=\"La suspension Eden de St\u00e9phanie Balini est un syst\u00e8me modulaire d\u2019\u00e9l\u00e9ments lumineux qui offre des possibilit\u00e9s de personnalisation infinies.\" \/>\n<meta name=\"robots\" content=\"index, follow, max-snippet:-1, max-image-preview:large, max-video-preview:-1\" \/>\n<link rel=\"canonical\" href=\"https:\/\/www.annejacqueminsablon.fr\/en\/produit\/eden-black-pendant-light\/\" \/>\n<meta property=\"og:locale\" content=\"en_US\" \/>\n<meta property=\"og:type\" content=\"article\" \/>\n<meta property=\"og:title\" content=\"Eden black pendant light - Anne Jacquemin Sablon\" \/>\n<meta property=\"og:description\" content=\"La suspension Eden de St\u00e9phanie Balini est un syst\u00e8me modulaire d\u2019\u00e9l\u00e9ments lumineux qui offre des possibilit\u00e9s de personnalisation infinies.\" \/>\n<meta property=\"og:url\" content=\"https:\/\/www.annejacqueminsablon.fr\/en\/produit\/eden-black-pendant-light\/\" \/>\n<meta property=\"og:site_name\" content=\"Anne Jacquemin Sablon\" \/>\n<meta property=\"article:modified_time\" content=\"2024-12-19T15:54:40+00:00\" \/>\n<meta property=\"og:image\" content=\"https:\/\/www.annejacqueminsablon.fr\/wp-content\/uploads\/2024\/11\/3-6.png\" \/>\n\t<meta property=\"og:image:width\" content=\"900\" \/>\n\t<meta property=\"og:image:height\" content=\"1200\" \/>\n\t<meta property=\"og:image:type\" content=\"image\/png\" \/>\n<meta name=\"twitter:card\" content=\"summary_large_image\" \/>\n<meta name=\"twitter:label1\" content=\"Est. reading time\" \/>\n\t<meta name=\"twitter:data1\" content=\"1 minute\" \/>\n<script type=\"application\/ld+json\" class=\"yoast-schema-graph\">{\"@context\":\"https:\/\/schema.org\",\"@graph\":[{\"@type\":\"WebPage\",\"@id\":\"https:\/\/www.annejacqueminsablon.fr\/en\/produit\/eden-black-pendant-light\/\",\"url\":\"https:\/\/www.annejacqueminsablon.fr\/en\/produit\/eden-black-pendant-light\/\",\"name\":\"Eden black pendant light - Anne Jacquemin Sablon\",\"isPartOf\":{\"@id\":\"https:\/\/www.annejacqueminsablon.fr\/#website\"},\"primaryImageOfPage\":{\"@id\":\"https:\/\/www.annejacqueminsablon.fr\/en\/produit\/eden-black-pendant-light\/#primaryimage\"},\"image\":{\"@id\":\"https:\/\/www.annejacqueminsablon.fr\/en\/produit\/eden-black-pendant-light\/#primaryimage\"},\"thumbnailUrl\":\"https:\/\/www.annejacqueminsablon.fr\/wp-content\/uploads\/2024\/11\/3-6.png\",\"datePublished\":\"2024-11-23T15:56:29+00:00\",\"dateModified\":\"2024-12-19T15:54:40+00:00\",\"description\":\"La suspension Eden de St\u00e9phanie Balini est un syst\u00e8me modulaire d\u2019\u00e9l\u00e9ments lumineux qui offre des possibilit\u00e9s de personnalisation infinies.\",\"breadcrumb\":{\"@id\":\"https:\/\/www.annejacqueminsablon.fr\/en\/produit\/eden-black-pendant-light\/#breadcrumb\"},\"inLanguage\":\"en-US\",\"potentialAction\":[{\"@type\":\"ReadAction\",\"target\":[\"https:\/\/www.annejacqueminsablon.fr\/en\/produit\/eden-black-pendant-light\/\"]}]},{\"@type\":\"ImageObject\",\"inLanguage\":\"en-US\",\"@id\":\"https:\/\/www.annejacqueminsablon.fr\/en\/produit\/eden-black-pendant-light\/#primaryimage\",\"url\":\"https:\/\/www.annejacqueminsablon.fr\/wp-content\/uploads\/2024\/11\/3-6.png\",\"contentUrl\":\"https:\/\/www.annejacqueminsablon.fr\/wp-content\/uploads\/2024\/11\/3-6.png\",\"width\":900,\"height\":1200,\"caption\":\"Eden St\u00e9phanie balini\"},{\"@type\":\"BreadcrumbList\",\"@id\":\"https:\/\/www.annejacqueminsablon.fr\/en\/produit\/eden-black-pendant-light\/#breadcrumb\",\"itemListElement\":[{\"@type\":\"ListItem\",\"position\":1,\"name\":\"Home\",\"item\":\"https:\/\/www.annejacqueminsablon.fr\/\"},{\"@type\":\"ListItem\",\"position\":2,\"name\":\"Boutique\",\"item\":\"https:\/\/www.annejacqueminsablon.fr\/boutique\/\"},{\"@type\":\"ListItem\",\"position\":3,\"name\":\"Eden black pendant light\"}]},{\"@type\":\"WebSite\",\"@id\":\"https:\/\/www.annejacqueminsablon.fr\/#website\",\"url\":\"https:\/\/www.annejacqueminsablon.fr\/\",\"name\":\"Anne Jacquemin Sablon\",\"description\":\"Design d&#039;int\u00e9rieur, mobilier contemporain, arts d\u00e9coratifs\",\"potentialAction\":[{\"@type\":\"SearchAction\",\"target\":{\"@type\":\"EntryPoint\",\"urlTemplate\":\"https:\/\/www.annejacqueminsablon.fr\/?s={search_term_string}\"},\"query-input\":{\"@type\":\"PropertyValueSpecification\",\"valueRequired\":true,\"valueName\":\"search_term_string\"}}],\"inLanguage\":\"en-US\"}]}<\/script>\n<!-- \/ Yoast SEO plugin. -->","yoast_head_json":{"title":"Eden black pendant light - Anne Jacquemin Sablon","description":"La suspension Eden de St\u00e9phanie Balini est un syst\u00e8me modulaire d\u2019\u00e9l\u00e9ments lumineux qui offre des possibilit\u00e9s de personnalisation infinies.","robots":{"index":"index","follow":"follow","max-snippet":"max-snippet:-1","max-image-preview":"max-image-preview:large","max-video-preview":"max-video-preview:-1"},"canonical":"https:\/\/www.annejacqueminsablon.fr\/en\/produit\/eden-black-pendant-light\/","og_locale":"en_US","og_type":"article","og_title":"Eden black pendant light - Anne Jacquemin Sablon","og_description":"La suspension Eden de St\u00e9phanie Balini est un syst\u00e8me modulaire d\u2019\u00e9l\u00e9ments lumineux qui offre des possibilit\u00e9s de personnalisation infinies.","og_url":"https:\/\/www.annejacqueminsablon.fr\/en\/produit\/eden-black-pendant-light\/","og_site_name":"Anne Jacquemin Sablon","article_modified_time":"2024-12-19T15:54:40+00:00","og_image":[{"width":900,"height":1200,"url":"https:\/\/www.annejacqueminsablon.fr\/wp-content\/uploads\/2024\/11\/3-6.png","type":"image\/png"}],"twitter_card":"summary_large_image","twitter_misc":{"Est. reading time":"1 minute"},"schema":{"@context":"https:\/\/schema.org","@graph":[{"@type":"WebPage","@id":"https:\/\/www.annejacqueminsablon.fr\/en\/produit\/eden-black-pendant-light\/","url":"https:\/\/www.annejacqueminsablon.fr\/en\/produit\/eden-black-pendant-light\/","name":"Eden black pendant light - Anne Jacquemin Sablon","isPartOf":{"@id":"https:\/\/www.annejacqueminsablon.fr\/#website"},"primaryImageOfPage":{"@id":"https:\/\/www.annejacqueminsablon.fr\/en\/produit\/eden-black-pendant-light\/#primaryimage"},"image":{"@id":"https:\/\/www.annejacqueminsablon.fr\/en\/produit\/eden-black-pendant-light\/#primaryimage"},"thumbnailUrl":"https:\/\/www.annejacqueminsablon.fr\/wp-content\/uploads\/2024\/11\/3-6.png","datePublished":"2024-11-23T15:56:29+00:00","dateModified":"2024-12-19T15:54:40+00:00","description":"La suspension Eden de St\u00e9phanie Balini est un syst\u00e8me modulaire d\u2019\u00e9l\u00e9ments lumineux qui offre des possibilit\u00e9s de personnalisation infinies.","breadcrumb":{"@id":"https:\/\/www.annejacqueminsablon.fr\/en\/produit\/eden-black-pendant-light\/#breadcrumb"},"inLanguage":"en-US","potentialAction":[{"@type":"ReadAction","target":["https:\/\/www.annejacqueminsablon.fr\/en\/produit\/eden-black-pendant-light\/"]}]},{"@type":"ImageObject","inLanguage":"en-US","@id":"https:\/\/www.annejacqueminsablon.fr\/en\/produit\/eden-black-pendant-light\/#primaryimage","url":"https:\/\/www.annejacqueminsablon.fr\/wp-content\/uploads\/2024\/11\/3-6.png","contentUrl":"https:\/\/www.annejacqueminsablon.fr\/wp-content\/uploads\/2024\/11\/3-6.png","width":900,"height":1200,"caption":"Eden St\u00e9phanie balini"},{"@type":"BreadcrumbList","@id":"https:\/\/www.annejacqueminsablon.fr\/en\/produit\/eden-black-pendant-light\/#breadcrumb","itemListElement":[{"@type":"ListItem","position":1,"name":"Home","item":"https:\/\/www.annejacqueminsablon.fr\/"},{"@type":"ListItem","position":2,"name":"Boutique","item":"https:\/\/www.annejacqueminsablon.fr\/boutique\/"},{"@type":"ListItem","position":3,"name":"Eden black pendant light"}]},{"@type":"WebSite","@id":"https:\/\/www.annejacqueminsablon.fr\/#website","url":"https:\/\/www.annejacqueminsablon.fr\/","name":"Anne Jacquemin Sablon","description":"Design d&#039;int\u00e9rieur, mobilier contemporain, arts d\u00e9coratifs","potentialAction":[{"@type":"SearchAction","target":{"@type":"EntryPoint","urlTemplate":"https:\/\/www.annejacqueminsablon.fr\/?s={search_term_string}"},"query-input":{"@type":"PropertyValueSpecification","valueRequired":true,"valueName":"search_term_string"}}],"inLanguage":"en-US"}]}},"_links":{"self":[{"href":"https:\/\/www.annejacqueminsablon.fr\/en\/wp-json\/wp\/v2\/product\/5544","targetHints":{"allow":["GET"]}}],"collection":[{"href":"https:\/\/www.annejacqueminsablon.fr\/en\/wp-json\/wp\/v2\/product"}],"about":[{"href":"https:\/\/www.annejacqueminsablon.fr\/en\/wp-json\/wp\/v2\/types\/product"}],"wp:featuredmedia":[{"embeddable":true,"href":"https:\/\/www.annejacqueminsablon.fr\/en\/wp-json\/wp\/v2\/media\/6571"}],"wp:attachment":[{"href":"https:\/\/www.annejacqueminsablon.fr\/en\/wp-json\/wp\/v2\/media?parent=5544"}],"wp:term":[{"taxonomy":"product-pages","embeddable":true,"href":"https:\/\/www.annejacqueminsablon.fr\/en\/wp-json\/wp\/v2\/product-pages?post=5544"},{"taxonomy":"product_cat","embeddable":true,"href":"https:\/\/www.annejacqueminsablon.fr\/en\/wp-json\/wp\/v2\/product_cat?post=5544"},{"taxonomy":"product_tag","embeddable":true,"href":"https:\/\/www.annejacqueminsablon.fr\/en\/wp-json\/wp\/v2\/product_tag?post=5544"}],"curies":[{"name":"wp","href":"https:\/\/api.w.org\/{rel}","templated":true}]}}