{"id":6124,"date":"2024-12-03T13:02:43","date_gmt":"2024-12-03T12:02:43","guid":{"rendered":"https:\/\/www.annejacqueminsablon.fr\/?post_type=product&#038;p=6124"},"modified":"2024-12-03T13:05:00","modified_gmt":"2024-12-03T12:05:00","slug":"soliflore-saturne","status":"publish","type":"product","link":"https:\/\/www.annejacqueminsablon.fr\/en\/produit\/soliflore-saturne\/","title":{"rendered":"Saturne Soliflore"},"content":{"rendered":"<p>Saturne Soliflore was realized by Atelier George in 2010. It is caracterized by two interlocking blown-glass elements: an iridescent black glass tray and a central ivory sphere with marbled decoration.<\/p>\n<p>Each piece is unique, hand-blown and may vary in size<\/p>\n<p>Signed by the artist<\/p>\n<p>&nbsp;<\/p>\n<p>Lead time is 7 to 8 weeks<\/p>\n","protected":false},"excerpt":{"rendered":"<p>Atelier George<br \/>\n<em>Saturne Soliflore<\/em>, 2020<br \/>\nBlown glass<br \/>\n36 x 13 cm \/ 14.7 x 5 in<\/p>\n<p>&nbsp;<\/p>\n<p>A certificate of authenticity is issued by the gallery<\/p>\n","protected":false},"featured_media":8431,"template":"","meta":{"_acf_changed":false},"product-pages":[],"product_cat":[180,252],"product_tag":[181],"class_list":{"0":"post-6124","1":"product","2":"type-product","3":"status-publish","4":"has-post-thumbnail","6":"product_cat-decorative-arts","7":"product_cat-non-classe-en","8":"product_tag-atelier-george-en","10":"first","11":"instock","12":"taxable","13":"shipping-taxable","14":"purchasable","15":"product-type-simple"},"acf":[],"yoast_head":"<!-- This site is optimized with the Yoast SEO plugin v23.7 - https:\/\/yoast.com\/wordpress\/plugins\/seo\/ -->\n<title>Saturne Soliflore - Anne Jacquemin Sablon<\/title>\n<meta name=\"description\" content=\"Soliflore Saturne a \u00e9t\u00e9 r\u00e9alis\u00e9 par Atelier George en 2010. Ce soliflore caract\u00e9rise par deux \u00e9l\u00e9ments en verre souffl\u00e9 : le plateau en verre noir\" \/>\n<meta name=\"robots\" content=\"index, follow, max-snippet:-1, max-image-preview:large, max-video-preview:-1\" \/>\n<link rel=\"canonical\" href=\"https:\/\/www.annejacqueminsablon.fr\/en\/produit\/soliflore-saturne\/\" \/>\n<meta property=\"og:locale\" content=\"en_US\" \/>\n<meta property=\"og:type\" content=\"article\" \/>\n<meta property=\"og:title\" content=\"Saturne Soliflore - Anne Jacquemin Sablon\" \/>\n<meta property=\"og:description\" content=\"Soliflore Saturne a \u00e9t\u00e9 r\u00e9alis\u00e9 par Atelier George en 2010. Ce soliflore caract\u00e9rise par deux \u00e9l\u00e9ments en verre souffl\u00e9 : le plateau en verre noir\" \/>\n<meta property=\"og:url\" content=\"https:\/\/www.annejacqueminsablon.fr\/en\/produit\/soliflore-saturne\/\" \/>\n<meta property=\"og:site_name\" content=\"Anne Jacquemin Sablon\" \/>\n<meta property=\"article:modified_time\" content=\"2024-12-03T12:05:00+00:00\" \/>\n<meta property=\"og:image\" content=\"https:\/\/www.annejacqueminsablon.fr\/wp-content\/uploads\/2024\/12\/Atelier-George-Collection-Aube-Soliflore-Saturne-3-HD-copie-scaled.png\" \/>\n\t<meta property=\"og:image:width\" content=\"2560\" \/>\n\t<meta property=\"og:image:height\" content=\"1702\" \/>\n\t<meta property=\"og:image:type\" content=\"image\/png\" \/>\n<meta name=\"twitter:card\" content=\"summary_large_image\" \/>\n<meta name=\"twitter:label1\" content=\"Est. reading time\" \/>\n\t<meta name=\"twitter:data1\" content=\"1 minute\" \/>\n<script type=\"application\/ld+json\" class=\"yoast-schema-graph\">{\"@context\":\"https:\/\/schema.org\",\"@graph\":[{\"@type\":\"WebPage\",\"@id\":\"https:\/\/www.annejacqueminsablon.fr\/en\/produit\/soliflore-saturne\/\",\"url\":\"https:\/\/www.annejacqueminsablon.fr\/en\/produit\/soliflore-saturne\/\",\"name\":\"Saturne Soliflore - Anne Jacquemin Sablon\",\"isPartOf\":{\"@id\":\"https:\/\/www.annejacqueminsablon.fr\/#website\"},\"primaryImageOfPage\":{\"@id\":\"https:\/\/www.annejacqueminsablon.fr\/en\/produit\/soliflore-saturne\/#primaryimage\"},\"image\":{\"@id\":\"https:\/\/www.annejacqueminsablon.fr\/en\/produit\/soliflore-saturne\/#primaryimage\"},\"thumbnailUrl\":\"https:\/\/www.annejacqueminsablon.fr\/wp-content\/uploads\/2024\/12\/Atelier-George-Collection-Aube-Soliflore-Saturne-3-HD-copie-scaled.png\",\"datePublished\":\"2024-12-03T12:02:43+00:00\",\"dateModified\":\"2024-12-03T12:05:00+00:00\",\"description\":\"Soliflore Saturne a \u00e9t\u00e9 r\u00e9alis\u00e9 par Atelier George en 2010. Ce soliflore caract\u00e9rise par deux \u00e9l\u00e9ments en verre souffl\u00e9 : le plateau en verre noir\",\"breadcrumb\":{\"@id\":\"https:\/\/www.annejacqueminsablon.fr\/en\/produit\/soliflore-saturne\/#breadcrumb\"},\"inLanguage\":\"en-US\",\"potentialAction\":[{\"@type\":\"ReadAction\",\"target\":[\"https:\/\/www.annejacqueminsablon.fr\/en\/produit\/soliflore-saturne\/\"]}]},{\"@type\":\"ImageObject\",\"inLanguage\":\"en-US\",\"@id\":\"https:\/\/www.annejacqueminsablon.fr\/en\/produit\/soliflore-saturne\/#primaryimage\",\"url\":\"https:\/\/www.annejacqueminsablon.fr\/wp-content\/uploads\/2024\/12\/Atelier-George-Collection-Aube-Soliflore-Saturne-3-HD-copie-scaled.png\",\"contentUrl\":\"https:\/\/www.annejacqueminsablon.fr\/wp-content\/uploads\/2024\/12\/Atelier-George-Collection-Aube-Soliflore-Saturne-3-HD-copie-scaled.png\",\"width\":2560,\"height\":1702},{\"@type\":\"BreadcrumbList\",\"@id\":\"https:\/\/www.annejacqueminsablon.fr\/en\/produit\/soliflore-saturne\/#breadcrumb\",\"itemListElement\":[{\"@type\":\"ListItem\",\"position\":1,\"name\":\"Home\",\"item\":\"https:\/\/www.annejacqueminsablon.fr\/\"},{\"@type\":\"ListItem\",\"position\":2,\"name\":\"Boutique\",\"item\":\"https:\/\/www.annejacqueminsablon.fr\/boutique\/\"},{\"@type\":\"ListItem\",\"position\":3,\"name\":\"Saturne Soliflore\"}]},{\"@type\":\"WebSite\",\"@id\":\"https:\/\/www.annejacqueminsablon.fr\/#website\",\"url\":\"https:\/\/www.annejacqueminsablon.fr\/\",\"name\":\"Anne Jacquemin Sablon\",\"description\":\"Design d&#039;int\u00e9rieur, mobilier contemporain, arts d\u00e9coratifs\",\"potentialAction\":[{\"@type\":\"SearchAction\",\"target\":{\"@type\":\"EntryPoint\",\"urlTemplate\":\"https:\/\/www.annejacqueminsablon.fr\/?s={search_term_string}\"},\"query-input\":{\"@type\":\"PropertyValueSpecification\",\"valueRequired\":true,\"valueName\":\"search_term_string\"}}],\"inLanguage\":\"en-US\"}]}<\/script>\n<!-- \/ Yoast SEO plugin. -->","yoast_head_json":{"title":"Saturne Soliflore - Anne Jacquemin Sablon","description":"Soliflore Saturne a \u00e9t\u00e9 r\u00e9alis\u00e9 par Atelier George en 2010. Ce soliflore caract\u00e9rise par deux \u00e9l\u00e9ments en verre souffl\u00e9 : le plateau en verre noir","robots":{"index":"index","follow":"follow","max-snippet":"max-snippet:-1","max-image-preview":"max-image-preview:large","max-video-preview":"max-video-preview:-1"},"canonical":"https:\/\/www.annejacqueminsablon.fr\/en\/produit\/soliflore-saturne\/","og_locale":"en_US","og_type":"article","og_title":"Saturne Soliflore - Anne Jacquemin Sablon","og_description":"Soliflore Saturne a \u00e9t\u00e9 r\u00e9alis\u00e9 par Atelier George en 2010. Ce soliflore caract\u00e9rise par deux \u00e9l\u00e9ments en verre souffl\u00e9 : le plateau en verre noir","og_url":"https:\/\/www.annejacqueminsablon.fr\/en\/produit\/soliflore-saturne\/","og_site_name":"Anne Jacquemin Sablon","article_modified_time":"2024-12-03T12:05:00+00:00","og_image":[{"width":2560,"height":1702,"url":"https:\/\/www.annejacqueminsablon.fr\/wp-content\/uploads\/2024\/12\/Atelier-George-Collection-Aube-Soliflore-Saturne-3-HD-copie-scaled.png","type":"image\/png"}],"twitter_card":"summary_large_image","twitter_misc":{"Est. reading time":"1 minute"},"schema":{"@context":"https:\/\/schema.org","@graph":[{"@type":"WebPage","@id":"https:\/\/www.annejacqueminsablon.fr\/en\/produit\/soliflore-saturne\/","url":"https:\/\/www.annejacqueminsablon.fr\/en\/produit\/soliflore-saturne\/","name":"Saturne Soliflore - Anne Jacquemin Sablon","isPartOf":{"@id":"https:\/\/www.annejacqueminsablon.fr\/#website"},"primaryImageOfPage":{"@id":"https:\/\/www.annejacqueminsablon.fr\/en\/produit\/soliflore-saturne\/#primaryimage"},"image":{"@id":"https:\/\/www.annejacqueminsablon.fr\/en\/produit\/soliflore-saturne\/#primaryimage"},"thumbnailUrl":"https:\/\/www.annejacqueminsablon.fr\/wp-content\/uploads\/2024\/12\/Atelier-George-Collection-Aube-Soliflore-Saturne-3-HD-copie-scaled.png","datePublished":"2024-12-03T12:02:43+00:00","dateModified":"2024-12-03T12:05:00+00:00","description":"Soliflore Saturne a \u00e9t\u00e9 r\u00e9alis\u00e9 par Atelier George en 2010. Ce soliflore caract\u00e9rise par deux \u00e9l\u00e9ments en verre souffl\u00e9 : le plateau en verre noir","breadcrumb":{"@id":"https:\/\/www.annejacqueminsablon.fr\/en\/produit\/soliflore-saturne\/#breadcrumb"},"inLanguage":"en-US","potentialAction":[{"@type":"ReadAction","target":["https:\/\/www.annejacqueminsablon.fr\/en\/produit\/soliflore-saturne\/"]}]},{"@type":"ImageObject","inLanguage":"en-US","@id":"https:\/\/www.annejacqueminsablon.fr\/en\/produit\/soliflore-saturne\/#primaryimage","url":"https:\/\/www.annejacqueminsablon.fr\/wp-content\/uploads\/2024\/12\/Atelier-George-Collection-Aube-Soliflore-Saturne-3-HD-copie-scaled.png","contentUrl":"https:\/\/www.annejacqueminsablon.fr\/wp-content\/uploads\/2024\/12\/Atelier-George-Collection-Aube-Soliflore-Saturne-3-HD-copie-scaled.png","width":2560,"height":1702},{"@type":"BreadcrumbList","@id":"https:\/\/www.annejacqueminsablon.fr\/en\/produit\/soliflore-saturne\/#breadcrumb","itemListElement":[{"@type":"ListItem","position":1,"name":"Home","item":"https:\/\/www.annejacqueminsablon.fr\/"},{"@type":"ListItem","position":2,"name":"Boutique","item":"https:\/\/www.annejacqueminsablon.fr\/boutique\/"},{"@type":"ListItem","position":3,"name":"Saturne Soliflore"}]},{"@type":"WebSite","@id":"https:\/\/www.annejacqueminsablon.fr\/#website","url":"https:\/\/www.annejacqueminsablon.fr\/","name":"Anne Jacquemin Sablon","description":"Design d&#039;int\u00e9rieur, mobilier contemporain, arts d\u00e9coratifs","potentialAction":[{"@type":"SearchAction","target":{"@type":"EntryPoint","urlTemplate":"https:\/\/www.annejacqueminsablon.fr\/?s={search_term_string}"},"query-input":{"@type":"PropertyValueSpecification","valueRequired":true,"valueName":"search_term_string"}}],"inLanguage":"en-US"}]}},"_links":{"self":[{"href":"https:\/\/www.annejacqueminsablon.fr\/en\/wp-json\/wp\/v2\/product\/6124","targetHints":{"allow":["GET"]}}],"collection":[{"href":"https:\/\/www.annejacqueminsablon.fr\/en\/wp-json\/wp\/v2\/product"}],"about":[{"href":"https:\/\/www.annejacqueminsablon.fr\/en\/wp-json\/wp\/v2\/types\/product"}],"wp:featuredmedia":[{"embeddable":true,"href":"https:\/\/www.annejacqueminsablon.fr\/en\/wp-json\/wp\/v2\/media\/8431"}],"wp:attachment":[{"href":"https:\/\/www.annejacqueminsablon.fr\/en\/wp-json\/wp\/v2\/media?parent=6124"}],"wp:term":[{"taxonomy":"product-pages","embeddable":true,"href":"https:\/\/www.annejacqueminsablon.fr\/en\/wp-json\/wp\/v2\/product-pages?post=6124"},{"taxonomy":"product_cat","embeddable":true,"href":"https:\/\/www.annejacqueminsablon.fr\/en\/wp-json\/wp\/v2\/product_cat?post=6124"},{"taxonomy":"product_tag","embeddable":true,"href":"https:\/\/www.annejacqueminsablon.fr\/en\/wp-json\/wp\/v2\/product_tag?post=6124"}],"curies":[{"name":"wp","href":"https:\/\/api.w.org\/{rel}","templated":true}]}}