{"id":6446,"date":"2024-12-11T17:15:07","date_gmt":"2024-12-11T16:15:07","guid":{"rendered":"https:\/\/www.annejacqueminsablon.fr\/?post_type=product&#038;p=6446"},"modified":"2024-12-19T18:08:21","modified_gmt":"2024-12-19T17:08:21","slug":"block-wall-sconce","status":"publish","type":"product","link":"https:\/\/www.annejacqueminsablon.fr\/en\/produit\/block-wall-sconce\/","title":{"rendered":"Block Wall Sconce"},"content":{"rendered":"<p><em>Block Wall Sconce<\/em> was designed by Maxime Old around 1963-1964 for the dining room of the Caisse Centrale de Cr\u00e9dit H\u00f4telier Commercial et Industriel on Avenue Kl\u00e9ber in Paris. <em>Block Wall Sconce<\/em> is designed in broken glass slabs and the structure is made of gilded bronze.<\/p>\n<p>Today Anne Jacquemin Sablon is editing a contemporary version of this wall lamp made of bush-hamme- red alabaster blocks and two patinated brass inserts. It has a rectangular shape stretched in height.<\/p>\n","protected":false},"excerpt":{"rendered":"<p>Maxime Old<br \/>\n<em>Block Wall Sconce<\/em>, 2019<br \/>\nAlabaster, Brass<br \/>\n27 x 15 x H75 cm \/ 10.63 x 5.91 x H29.53 in<\/p>\n<p>&nbsp;<\/p>\n<p>A certificate of authenticity is issued by the gallery<\/p>\n","protected":false},"featured_media":7466,"template":"","meta":{"_acf_changed":false},"product-pages":[],"product_cat":[183,261],"product_tag":[262],"class_list":{"0":"post-6446","1":"product","2":"type-product","3":"status-publish","4":"has-post-thumbnail","6":"product_cat-lighting","7":"product_cat-maxime-old-en-2","8":"product_tag-maxime-old-en","10":"first","11":"onbackorder","12":"taxable","13":"shipping-taxable","14":"purchasable","15":"product-type-simple"},"acf":[],"yoast_head":"<!-- This site is optimized with the Yoast SEO plugin v23.7 - https:\/\/yoast.com\/wordpress\/plugins\/seo\/ -->\n<title>Block Wall Sconce - Anne Jacquemin Sablon<\/title>\n<meta name=\"description\" content=\"Block Wall Sconce was designed by Maxime Old around 1963-1964 for the dining room of the Caisse Centrale de Cr\u00e9dit H\u00f4telier Commercial et Industriel\" \/>\n<meta name=\"robots\" content=\"index, follow, max-snippet:-1, max-image-preview:large, max-video-preview:-1\" \/>\n<link rel=\"canonical\" href=\"https:\/\/www.annejacqueminsablon.fr\/en\/produit\/block-wall-sconce\/\" \/>\n<meta property=\"og:locale\" content=\"en_US\" \/>\n<meta property=\"og:type\" content=\"article\" \/>\n<meta property=\"og:title\" content=\"Block Wall Sconce - Anne Jacquemin Sablon\" \/>\n<meta property=\"og:description\" content=\"Block Wall Sconce was designed by Maxime Old around 1963-1964 for the dining room of the Caisse Centrale de Cr\u00e9dit H\u00f4telier Commercial et Industriel\" \/>\n<meta property=\"og:url\" content=\"https:\/\/www.annejacqueminsablon.fr\/en\/produit\/block-wall-sconce\/\" \/>\n<meta property=\"og:site_name\" content=\"Anne Jacquemin Sablon\" \/>\n<meta property=\"article:modified_time\" content=\"2024-12-19T17:08:21+00:00\" \/>\n<meta property=\"og:image\" content=\"https:\/\/www.annejacqueminsablon.fr\/wp-content\/uploads\/2024\/12\/5-9.png\" \/>\n\t<meta property=\"og:image:width\" content=\"900\" \/>\n\t<meta property=\"og:image:height\" content=\"1200\" \/>\n\t<meta property=\"og:image:type\" content=\"image\/png\" \/>\n<meta name=\"twitter:card\" content=\"summary_large_image\" \/>\n<meta name=\"twitter:label1\" content=\"Est. reading time\" \/>\n\t<meta name=\"twitter:data1\" content=\"1 minute\" \/>\n<script type=\"application\/ld+json\" class=\"yoast-schema-graph\">{\"@context\":\"https:\/\/schema.org\",\"@graph\":[{\"@type\":\"WebPage\",\"@id\":\"https:\/\/www.annejacqueminsablon.fr\/en\/produit\/block-wall-sconce\/\",\"url\":\"https:\/\/www.annejacqueminsablon.fr\/en\/produit\/block-wall-sconce\/\",\"name\":\"Block Wall Sconce - Anne Jacquemin Sablon\",\"isPartOf\":{\"@id\":\"https:\/\/www.annejacqueminsablon.fr\/#website\"},\"primaryImageOfPage\":{\"@id\":\"https:\/\/www.annejacqueminsablon.fr\/en\/produit\/block-wall-sconce\/#primaryimage\"},\"image\":{\"@id\":\"https:\/\/www.annejacqueminsablon.fr\/en\/produit\/block-wall-sconce\/#primaryimage\"},\"thumbnailUrl\":\"https:\/\/www.annejacqueminsablon.fr\/wp-content\/uploads\/2024\/12\/5-9.png\",\"datePublished\":\"2024-12-11T16:15:07+00:00\",\"dateModified\":\"2024-12-19T17:08:21+00:00\",\"description\":\"Block Wall Sconce was designed by Maxime Old around 1963-1964 for the dining room of the Caisse Centrale de Cr\u00e9dit H\u00f4telier Commercial et Industriel\",\"breadcrumb\":{\"@id\":\"https:\/\/www.annejacqueminsablon.fr\/en\/produit\/block-wall-sconce\/#breadcrumb\"},\"inLanguage\":\"en-US\",\"potentialAction\":[{\"@type\":\"ReadAction\",\"target\":[\"https:\/\/www.annejacqueminsablon.fr\/en\/produit\/block-wall-sconce\/\"]}]},{\"@type\":\"ImageObject\",\"inLanguage\":\"en-US\",\"@id\":\"https:\/\/www.annejacqueminsablon.fr\/en\/produit\/block-wall-sconce\/#primaryimage\",\"url\":\"https:\/\/www.annejacqueminsablon.fr\/wp-content\/uploads\/2024\/12\/5-9.png\",\"contentUrl\":\"https:\/\/www.annejacqueminsablon.fr\/wp-content\/uploads\/2024\/12\/5-9.png\",\"width\":900,\"height\":1200,\"caption\":\"Applique Block\"},{\"@type\":\"BreadcrumbList\",\"@id\":\"https:\/\/www.annejacqueminsablon.fr\/en\/produit\/block-wall-sconce\/#breadcrumb\",\"itemListElement\":[{\"@type\":\"ListItem\",\"position\":1,\"name\":\"Home\",\"item\":\"https:\/\/www.annejacqueminsablon.fr\/\"},{\"@type\":\"ListItem\",\"position\":2,\"name\":\"Boutique\",\"item\":\"https:\/\/www.annejacqueminsablon.fr\/boutique\/\"},{\"@type\":\"ListItem\",\"position\":3,\"name\":\"Block Wall Sconce\"}]},{\"@type\":\"WebSite\",\"@id\":\"https:\/\/www.annejacqueminsablon.fr\/#website\",\"url\":\"https:\/\/www.annejacqueminsablon.fr\/\",\"name\":\"Anne Jacquemin Sablon\",\"description\":\"Design d&#039;int\u00e9rieur, mobilier contemporain, arts d\u00e9coratifs\",\"potentialAction\":[{\"@type\":\"SearchAction\",\"target\":{\"@type\":\"EntryPoint\",\"urlTemplate\":\"https:\/\/www.annejacqueminsablon.fr\/?s={search_term_string}\"},\"query-input\":{\"@type\":\"PropertyValueSpecification\",\"valueRequired\":true,\"valueName\":\"search_term_string\"}}],\"inLanguage\":\"en-US\"}]}<\/script>\n<!-- \/ Yoast SEO plugin. -->","yoast_head_json":{"title":"Block Wall Sconce - Anne Jacquemin Sablon","description":"Block Wall Sconce was designed by Maxime Old around 1963-1964 for the dining room of the Caisse Centrale de Cr\u00e9dit H\u00f4telier Commercial et Industriel","robots":{"index":"index","follow":"follow","max-snippet":"max-snippet:-1","max-image-preview":"max-image-preview:large","max-video-preview":"max-video-preview:-1"},"canonical":"https:\/\/www.annejacqueminsablon.fr\/en\/produit\/block-wall-sconce\/","og_locale":"en_US","og_type":"article","og_title":"Block Wall Sconce - Anne Jacquemin Sablon","og_description":"Block Wall Sconce was designed by Maxime Old around 1963-1964 for the dining room of the Caisse Centrale de Cr\u00e9dit H\u00f4telier Commercial et Industriel","og_url":"https:\/\/www.annejacqueminsablon.fr\/en\/produit\/block-wall-sconce\/","og_site_name":"Anne Jacquemin Sablon","article_modified_time":"2024-12-19T17:08:21+00:00","og_image":[{"width":900,"height":1200,"url":"https:\/\/www.annejacqueminsablon.fr\/wp-content\/uploads\/2024\/12\/5-9.png","type":"image\/png"}],"twitter_card":"summary_large_image","twitter_misc":{"Est. reading time":"1 minute"},"schema":{"@context":"https:\/\/schema.org","@graph":[{"@type":"WebPage","@id":"https:\/\/www.annejacqueminsablon.fr\/en\/produit\/block-wall-sconce\/","url":"https:\/\/www.annejacqueminsablon.fr\/en\/produit\/block-wall-sconce\/","name":"Block Wall Sconce - Anne Jacquemin Sablon","isPartOf":{"@id":"https:\/\/www.annejacqueminsablon.fr\/#website"},"primaryImageOfPage":{"@id":"https:\/\/www.annejacqueminsablon.fr\/en\/produit\/block-wall-sconce\/#primaryimage"},"image":{"@id":"https:\/\/www.annejacqueminsablon.fr\/en\/produit\/block-wall-sconce\/#primaryimage"},"thumbnailUrl":"https:\/\/www.annejacqueminsablon.fr\/wp-content\/uploads\/2024\/12\/5-9.png","datePublished":"2024-12-11T16:15:07+00:00","dateModified":"2024-12-19T17:08:21+00:00","description":"Block Wall Sconce was designed by Maxime Old around 1963-1964 for the dining room of the Caisse Centrale de Cr\u00e9dit H\u00f4telier Commercial et Industriel","breadcrumb":{"@id":"https:\/\/www.annejacqueminsablon.fr\/en\/produit\/block-wall-sconce\/#breadcrumb"},"inLanguage":"en-US","potentialAction":[{"@type":"ReadAction","target":["https:\/\/www.annejacqueminsablon.fr\/en\/produit\/block-wall-sconce\/"]}]},{"@type":"ImageObject","inLanguage":"en-US","@id":"https:\/\/www.annejacqueminsablon.fr\/en\/produit\/block-wall-sconce\/#primaryimage","url":"https:\/\/www.annejacqueminsablon.fr\/wp-content\/uploads\/2024\/12\/5-9.png","contentUrl":"https:\/\/www.annejacqueminsablon.fr\/wp-content\/uploads\/2024\/12\/5-9.png","width":900,"height":1200,"caption":"Applique Block"},{"@type":"BreadcrumbList","@id":"https:\/\/www.annejacqueminsablon.fr\/en\/produit\/block-wall-sconce\/#breadcrumb","itemListElement":[{"@type":"ListItem","position":1,"name":"Home","item":"https:\/\/www.annejacqueminsablon.fr\/"},{"@type":"ListItem","position":2,"name":"Boutique","item":"https:\/\/www.annejacqueminsablon.fr\/boutique\/"},{"@type":"ListItem","position":3,"name":"Block Wall Sconce"}]},{"@type":"WebSite","@id":"https:\/\/www.annejacqueminsablon.fr\/#website","url":"https:\/\/www.annejacqueminsablon.fr\/","name":"Anne Jacquemin Sablon","description":"Design d&#039;int\u00e9rieur, mobilier contemporain, arts d\u00e9coratifs","potentialAction":[{"@type":"SearchAction","target":{"@type":"EntryPoint","urlTemplate":"https:\/\/www.annejacqueminsablon.fr\/?s={search_term_string}"},"query-input":{"@type":"PropertyValueSpecification","valueRequired":true,"valueName":"search_term_string"}}],"inLanguage":"en-US"}]}},"_links":{"self":[{"href":"https:\/\/www.annejacqueminsablon.fr\/en\/wp-json\/wp\/v2\/product\/6446","targetHints":{"allow":["GET"]}}],"collection":[{"href":"https:\/\/www.annejacqueminsablon.fr\/en\/wp-json\/wp\/v2\/product"}],"about":[{"href":"https:\/\/www.annejacqueminsablon.fr\/en\/wp-json\/wp\/v2\/types\/product"}],"wp:featuredmedia":[{"embeddable":true,"href":"https:\/\/www.annejacqueminsablon.fr\/en\/wp-json\/wp\/v2\/media\/7466"}],"wp:attachment":[{"href":"https:\/\/www.annejacqueminsablon.fr\/en\/wp-json\/wp\/v2\/media?parent=6446"}],"wp:term":[{"taxonomy":"product-pages","embeddable":true,"href":"https:\/\/www.annejacqueminsablon.fr\/en\/wp-json\/wp\/v2\/product-pages?post=6446"},{"taxonomy":"product_cat","embeddable":true,"href":"https:\/\/www.annejacqueminsablon.fr\/en\/wp-json\/wp\/v2\/product_cat?post=6446"},{"taxonomy":"product_tag","embeddable":true,"href":"https:\/\/www.annejacqueminsablon.fr\/en\/wp-json\/wp\/v2\/product_tag?post=6446"}],"curies":[{"name":"wp","href":"https:\/\/api.w.org\/{rel}","templated":true}]}}