{"id":7155,"date":"2023-10-05T07:12:53","date_gmt":"2023-10-05T05:12:53","guid":{"rendered":"https:\/\/www.annejacqueminsablon.fr\/?post_type=product&#038;p=7155"},"modified":"2025-01-09T14:21:27","modified_gmt":"2025-01-09T13:21:27","slug":"table-basse-saturne","status":"publish","type":"product","link":"https:\/\/www.annejacqueminsablon.fr\/en\/produit\/table-basse-saturne\/","title":{"rendered":"Table basse Saturne"},"content":{"rendered":"<p>La table basse Saturne a \u00e9t\u00e9 pens\u00e9e et r\u00e9alis\u00e9e par Maxime Old en 1961 pour le salon des personnalit\u00e9s de l\u2019a\u00e9roport de Marseille-Marignane. Particuli\u00e8rement f\u00e9ru de technologie et d\u2019industrie, Old s\u2019inspire des r\u00e9acteurs d\u2019avion pour le mod\u00e8le de cette table. Le plateau en placage soleil et le centre en verre donnant \u00e0 voir le pi\u00e8tement doivent inspirer le tournoiement et un effet cin\u00e9tique qui sugg\u00e8re l\u2019envol. Les trois pieds en bois massif pos\u00e9s sur une base r\u00e9glable en laiton se rejoignent au centre pour former un motif d\u2019\u00e9toile appr\u00e9ci\u00e9 par Old et caract\u00e9ristique de son style.<\/p>\n","protected":false},"excerpt":{"rendered":"<p>Maxime Old<br \/>\n<em>Saturne coffee table<\/em>, 1961 (2024 Edition)<br \/>\nMacassar ebony, glass<br \/>\n59 x 18.11 in \/ 150 x 46 cm<\/p>\n<p>&nbsp;<\/p>\n<p>A certificate of authenticity is issued by the gallery<\/p>\n","protected":false},"featured_media":7144,"template":"","meta":{"_acf_changed":false},"product-pages":[],"product_cat":[177,261],"product_tag":[262],"class_list":{"0":"post-7155","1":"product","2":"type-product","3":"status-publish","4":"has-post-thumbnail","6":"product_cat-furniture","7":"product_cat-maxime-old-en-2","8":"product_tag-maxime-old-en","10":"first","11":"instock","12":"taxable","13":"shipping-taxable","14":"purchasable","15":"product-type-simple"},"acf":[],"yoast_head":"<!-- This site is optimized with the Yoast SEO plugin v23.7 - https:\/\/yoast.com\/wordpress\/plugins\/seo\/ -->\n<title>Table basse Saturne - Maxime Old - Anne Jacquemin Sablon<\/title>\n<meta name=\"description\" content=\"La table basse Saturne a \u00e9t\u00e9 pens\u00e9e et r\u00e9alis\u00e9e par Maxime Old en 1961 pour le salon des personnalit\u00e9s de l\u2019a\u00e9roport de Marseille-Marignane.\" \/>\n<meta name=\"robots\" content=\"index, follow, max-snippet:-1, max-image-preview:large, max-video-preview:-1\" \/>\n<link rel=\"canonical\" href=\"https:\/\/www.annejacqueminsablon.fr\/en\/produit\/table-basse-saturne\/\" \/>\n<meta property=\"og:locale\" content=\"en_US\" \/>\n<meta property=\"og:type\" content=\"article\" \/>\n<meta property=\"og:title\" content=\"Table basse Saturne - Maxime Old - Anne Jacquemin Sablon\" \/>\n<meta property=\"og:description\" content=\"La table basse Saturne a \u00e9t\u00e9 pens\u00e9e et r\u00e9alis\u00e9e par Maxime Old en 1961 pour le salon des personnalit\u00e9s de l\u2019a\u00e9roport de Marseille-Marignane.\" \/>\n<meta property=\"og:url\" content=\"https:\/\/www.annejacqueminsablon.fr\/en\/produit\/table-basse-saturne\/\" \/>\n<meta property=\"og:site_name\" content=\"Anne Jacquemin Sablon\" \/>\n<meta property=\"article:modified_time\" content=\"2025-01-09T13:21:27+00:00\" \/>\n<meta property=\"og:image\" content=\"https:\/\/www.annejacqueminsablon.fr\/wp-content\/uploads\/2023\/10\/Table-basse-Saturne-Maxime-Old.png\" \/>\n\t<meta property=\"og:image:width\" content=\"1200\" \/>\n\t<meta property=\"og:image:height\" content=\"900\" \/>\n\t<meta property=\"og:image:type\" content=\"image\/png\" \/>\n<meta name=\"twitter:card\" content=\"summary_large_image\" \/>\n<meta name=\"twitter:label1\" content=\"Est. reading time\" \/>\n\t<meta name=\"twitter:data1\" content=\"1 minute\" \/>\n<script type=\"application\/ld+json\" class=\"yoast-schema-graph\">{\"@context\":\"https:\/\/schema.org\",\"@graph\":[{\"@type\":\"WebPage\",\"@id\":\"https:\/\/www.annejacqueminsablon.fr\/en\/produit\/table-basse-saturne\/\",\"url\":\"https:\/\/www.annejacqueminsablon.fr\/en\/produit\/table-basse-saturne\/\",\"name\":\"Table basse Saturne - Maxime Old - Anne Jacquemin Sablon\",\"isPartOf\":{\"@id\":\"https:\/\/www.annejacqueminsablon.fr\/#website\"},\"primaryImageOfPage\":{\"@id\":\"https:\/\/www.annejacqueminsablon.fr\/en\/produit\/table-basse-saturne\/#primaryimage\"},\"image\":{\"@id\":\"https:\/\/www.annejacqueminsablon.fr\/en\/produit\/table-basse-saturne\/#primaryimage\"},\"thumbnailUrl\":\"https:\/\/www.annejacqueminsablon.fr\/wp-content\/uploads\/2023\/10\/Table-basse-Saturne-Maxime-Old.png\",\"datePublished\":\"2023-10-05T05:12:53+00:00\",\"dateModified\":\"2025-01-09T13:21:27+00:00\",\"description\":\"La table basse Saturne a \u00e9t\u00e9 pens\u00e9e et r\u00e9alis\u00e9e par Maxime Old en 1961 pour le salon des personnalit\u00e9s de l\u2019a\u00e9roport de Marseille-Marignane.\",\"breadcrumb\":{\"@id\":\"https:\/\/www.annejacqueminsablon.fr\/en\/produit\/table-basse-saturne\/#breadcrumb\"},\"inLanguage\":\"en-US\",\"potentialAction\":[{\"@type\":\"ReadAction\",\"target\":[\"https:\/\/www.annejacqueminsablon.fr\/en\/produit\/table-basse-saturne\/\"]}]},{\"@type\":\"ImageObject\",\"inLanguage\":\"en-US\",\"@id\":\"https:\/\/www.annejacqueminsablon.fr\/en\/produit\/table-basse-saturne\/#primaryimage\",\"url\":\"https:\/\/www.annejacqueminsablon.fr\/wp-content\/uploads\/2023\/10\/Table-basse-Saturne-Maxime-Old.png\",\"contentUrl\":\"https:\/\/www.annejacqueminsablon.fr\/wp-content\/uploads\/2023\/10\/Table-basse-Saturne-Maxime-Old.png\",\"width\":1200,\"height\":900},{\"@type\":\"BreadcrumbList\",\"@id\":\"https:\/\/www.annejacqueminsablon.fr\/en\/produit\/table-basse-saturne\/#breadcrumb\",\"itemListElement\":[{\"@type\":\"ListItem\",\"position\":1,\"name\":\"Home\",\"item\":\"https:\/\/www.annejacqueminsablon.fr\/\"},{\"@type\":\"ListItem\",\"position\":2,\"name\":\"Boutique\",\"item\":\"https:\/\/www.annejacqueminsablon.fr\/boutique\/\"},{\"@type\":\"ListItem\",\"position\":3,\"name\":\"Table basse Saturne\"}]},{\"@type\":\"WebSite\",\"@id\":\"https:\/\/www.annejacqueminsablon.fr\/#website\",\"url\":\"https:\/\/www.annejacqueminsablon.fr\/\",\"name\":\"Anne Jacquemin Sablon\",\"description\":\"Design d&#039;int\u00e9rieur, mobilier contemporain, arts d\u00e9coratifs\",\"potentialAction\":[{\"@type\":\"SearchAction\",\"target\":{\"@type\":\"EntryPoint\",\"urlTemplate\":\"https:\/\/www.annejacqueminsablon.fr\/?s={search_term_string}\"},\"query-input\":{\"@type\":\"PropertyValueSpecification\",\"valueRequired\":true,\"valueName\":\"search_term_string\"}}],\"inLanguage\":\"en-US\"}]}<\/script>\n<!-- \/ Yoast SEO plugin. -->","yoast_head_json":{"title":"Table basse Saturne - Maxime Old - Anne Jacquemin Sablon","description":"La table basse Saturne a \u00e9t\u00e9 pens\u00e9e et r\u00e9alis\u00e9e par Maxime Old en 1961 pour le salon des personnalit\u00e9s de l\u2019a\u00e9roport de Marseille-Marignane.","robots":{"index":"index","follow":"follow","max-snippet":"max-snippet:-1","max-image-preview":"max-image-preview:large","max-video-preview":"max-video-preview:-1"},"canonical":"https:\/\/www.annejacqueminsablon.fr\/en\/produit\/table-basse-saturne\/","og_locale":"en_US","og_type":"article","og_title":"Table basse Saturne - Maxime Old - Anne Jacquemin Sablon","og_description":"La table basse Saturne a \u00e9t\u00e9 pens\u00e9e et r\u00e9alis\u00e9e par Maxime Old en 1961 pour le salon des personnalit\u00e9s de l\u2019a\u00e9roport de Marseille-Marignane.","og_url":"https:\/\/www.annejacqueminsablon.fr\/en\/produit\/table-basse-saturne\/","og_site_name":"Anne Jacquemin Sablon","article_modified_time":"2025-01-09T13:21:27+00:00","og_image":[{"width":1200,"height":900,"url":"https:\/\/www.annejacqueminsablon.fr\/wp-content\/uploads\/2023\/10\/Table-basse-Saturne-Maxime-Old.png","type":"image\/png"}],"twitter_card":"summary_large_image","twitter_misc":{"Est. reading time":"1 minute"},"schema":{"@context":"https:\/\/schema.org","@graph":[{"@type":"WebPage","@id":"https:\/\/www.annejacqueminsablon.fr\/en\/produit\/table-basse-saturne\/","url":"https:\/\/www.annejacqueminsablon.fr\/en\/produit\/table-basse-saturne\/","name":"Table basse Saturne - Maxime Old - Anne Jacquemin Sablon","isPartOf":{"@id":"https:\/\/www.annejacqueminsablon.fr\/#website"},"primaryImageOfPage":{"@id":"https:\/\/www.annejacqueminsablon.fr\/en\/produit\/table-basse-saturne\/#primaryimage"},"image":{"@id":"https:\/\/www.annejacqueminsablon.fr\/en\/produit\/table-basse-saturne\/#primaryimage"},"thumbnailUrl":"https:\/\/www.annejacqueminsablon.fr\/wp-content\/uploads\/2023\/10\/Table-basse-Saturne-Maxime-Old.png","datePublished":"2023-10-05T05:12:53+00:00","dateModified":"2025-01-09T13:21:27+00:00","description":"La table basse Saturne a \u00e9t\u00e9 pens\u00e9e et r\u00e9alis\u00e9e par Maxime Old en 1961 pour le salon des personnalit\u00e9s de l\u2019a\u00e9roport de Marseille-Marignane.","breadcrumb":{"@id":"https:\/\/www.annejacqueminsablon.fr\/en\/produit\/table-basse-saturne\/#breadcrumb"},"inLanguage":"en-US","potentialAction":[{"@type":"ReadAction","target":["https:\/\/www.annejacqueminsablon.fr\/en\/produit\/table-basse-saturne\/"]}]},{"@type":"ImageObject","inLanguage":"en-US","@id":"https:\/\/www.annejacqueminsablon.fr\/en\/produit\/table-basse-saturne\/#primaryimage","url":"https:\/\/www.annejacqueminsablon.fr\/wp-content\/uploads\/2023\/10\/Table-basse-Saturne-Maxime-Old.png","contentUrl":"https:\/\/www.annejacqueminsablon.fr\/wp-content\/uploads\/2023\/10\/Table-basse-Saturne-Maxime-Old.png","width":1200,"height":900},{"@type":"BreadcrumbList","@id":"https:\/\/www.annejacqueminsablon.fr\/en\/produit\/table-basse-saturne\/#breadcrumb","itemListElement":[{"@type":"ListItem","position":1,"name":"Home","item":"https:\/\/www.annejacqueminsablon.fr\/"},{"@type":"ListItem","position":2,"name":"Boutique","item":"https:\/\/www.annejacqueminsablon.fr\/boutique\/"},{"@type":"ListItem","position":3,"name":"Table basse Saturne"}]},{"@type":"WebSite","@id":"https:\/\/www.annejacqueminsablon.fr\/#website","url":"https:\/\/www.annejacqueminsablon.fr\/","name":"Anne Jacquemin Sablon","description":"Design d&#039;int\u00e9rieur, mobilier contemporain, arts d\u00e9coratifs","potentialAction":[{"@type":"SearchAction","target":{"@type":"EntryPoint","urlTemplate":"https:\/\/www.annejacqueminsablon.fr\/?s={search_term_string}"},"query-input":{"@type":"PropertyValueSpecification","valueRequired":true,"valueName":"search_term_string"}}],"inLanguage":"en-US"}]}},"_links":{"self":[{"href":"https:\/\/www.annejacqueminsablon.fr\/en\/wp-json\/wp\/v2\/product\/7155","targetHints":{"allow":["GET"]}}],"collection":[{"href":"https:\/\/www.annejacqueminsablon.fr\/en\/wp-json\/wp\/v2\/product"}],"about":[{"href":"https:\/\/www.annejacqueminsablon.fr\/en\/wp-json\/wp\/v2\/types\/product"}],"wp:featuredmedia":[{"embeddable":true,"href":"https:\/\/www.annejacqueminsablon.fr\/en\/wp-json\/wp\/v2\/media\/7144"}],"wp:attachment":[{"href":"https:\/\/www.annejacqueminsablon.fr\/en\/wp-json\/wp\/v2\/media?parent=7155"}],"wp:term":[{"taxonomy":"product-pages","embeddable":true,"href":"https:\/\/www.annejacqueminsablon.fr\/en\/wp-json\/wp\/v2\/product-pages?post=7155"},{"taxonomy":"product_cat","embeddable":true,"href":"https:\/\/www.annejacqueminsablon.fr\/en\/wp-json\/wp\/v2\/product_cat?post=7155"},{"taxonomy":"product_tag","embeddable":true,"href":"https:\/\/www.annejacqueminsablon.fr\/en\/wp-json\/wp\/v2\/product_tag?post=7155"}],"curies":[{"name":"wp","href":"https:\/\/api.w.org\/{rel}","templated":true}]}}