{"id":8703,"date":"2026-02-11T18:27:11","date_gmt":"2026-02-11T17:27:11","guid":{"rendered":"https:\/\/www.annejacqueminsablon.fr\/produit\/arka-sculpture-lumineuse\/"},"modified":"2026-02-12T15:45:26","modified_gmt":"2026-02-12T14:45:26","slug":"arka-sculpture-lumineuse","status":"publish","type":"product","link":"https:\/\/www.annejacqueminsablon.fr\/en\/produit\/arka-sculpture-lumineuse\/","title":{"rendered":"Arka Sculpture lumineuse"},"content":{"rendered":"<p>Arka Sculpture lumineuse<\/p>\n<p>Habit\u00e9es par la lumi\u00e8re, les sculptures lumineuses Arka sont des architectures de l\u2019intime qui veillent sur nos foyers. La lumi\u00e8re joue avec la translucidit\u00e9 de la porcelaine r\u00e9v\u00e9lant la singularit\u00e9 de chaque pi\u00e8ce. Elle l\u2019anime, cr\u00e9ant ainsi de v\u00e9ritables ambiances \u00e0 vivre.<\/p>\n<p>&nbsp;<\/p>\n<p>\u00c0 PROPOS DU DESIGNER<br \/>\nForm\u00e9 au design industriel, il a longtemps con\u00e7u des objets pens\u00e9s pour la s\u00e9rie. Aujourd\u2019hui, sa pratique de la c\u00e9ramique s\u2019inscrit en r\u00e9action \u00e0 cette logique de standardisation. Il cherche une modernit\u00e9 qui<br \/>\nne soit pas synonyme d\u2019obsolescence programm\u00e9e, mais une modernit\u00e9 ancr\u00e9e dans l\u2019intemporel, dans le geste, dans le lien sensible entre l\u2019humain et la mati\u00e8re.<br \/>\nSon travail puise dans l\u2019architecture ancienne, dont il r\u00e9interpr\u00e8te certains motifs pour les faire dialoguer avec notre \u00e9poque. Le motif de l\u2019arche, r\u00e9current dans ses pi\u00e8ces, est un symbole universel : il \u00e9voque<br \/>\ntour \u00e0 tour l\u2019abri, le seuil, la fen\u00eatre. En le r\u00e9inscrivant dans des formes \u00e0 la fois \u00e9pur\u00e9es et organiques, il op\u00e8re une relecture contemporaine de cette esth\u00e9tique historique. Cette architecture devient langage<br \/>\nafin d\u2019invoquer un champ visuel familier, une mani\u00e8re d\u2019ancrer le pass\u00e9 dans le pr\u00e9sent.<\/p>\n","protected":false},"excerpt":{"rendered":"<p>Etienne Dubernet<br \/>\nArka Sculpture lumineuse, 2025<br \/>\nPorcelaine &#8211; 1280\u00b0<\/p>\n<p>37 x 17 x 37 cm \/14,56 x 6,69 x 14,56 inch<\/p>\n<p>Pi\u00e8ce unique<\/p>\n<p>Un certificat d\u2019authenticit\u00e9 est d\u00e9livr\u00e9 par la galerie<\/p>\n","protected":false},"featured_media":8684,"template":"","meta":{"_acf_changed":false},"product-pages":[],"product_cat":[183],"product_tag":[328],"class_list":{"0":"post-8703","1":"product","2":"type-product","3":"status-publish","4":"has-post-thumbnail","6":"product_cat-lighting","7":"product_tag-etienne-dubernet-en","9":"first","10":"instock","11":"taxable","12":"shipping-taxable","13":"purchasable","14":"product-type-simple"},"acf":[],"yoast_head":"<!-- This site is optimized with the Yoast SEO plugin v23.7 - https:\/\/yoast.com\/wordpress\/plugins\/seo\/ -->\n<title>Arka Sculpture lumineuse - Anne Jacquemin Sablon<\/title>\n<meta name=\"description\" content=\"La lumi\u00e8re joue avec la translucidit\u00e9 de la porcelaine r\u00e9v\u00e9lant la singularit\u00e9 de chaque pi\u00e8ce. Elle l\u2019anime, cr\u00e9ant ainsi de v\u00e9ritables ambiances \u00e0 vivre.\" \/>\n<meta name=\"robots\" content=\"index, follow, max-snippet:-1, max-image-preview:large, max-video-preview:-1\" \/>\n<link rel=\"canonical\" href=\"https:\/\/www.annejacqueminsablon.fr\/en\/produit\/arka-sculpture-lumineuse\/\" \/>\n<meta property=\"og:locale\" content=\"en_US\" \/>\n<meta property=\"og:type\" content=\"article\" \/>\n<meta property=\"og:title\" content=\"Arka Sculpture lumineuse - Anne Jacquemin Sablon\" \/>\n<meta property=\"og:description\" content=\"La lumi\u00e8re joue avec la translucidit\u00e9 de la porcelaine r\u00e9v\u00e9lant la singularit\u00e9 de chaque pi\u00e8ce. Elle l\u2019anime, cr\u00e9ant ainsi de v\u00e9ritables ambiances \u00e0 vivre.\" \/>\n<meta property=\"og:url\" content=\"https:\/\/www.annejacqueminsablon.fr\/en\/produit\/arka-sculpture-lumineuse\/\" \/>\n<meta property=\"og:site_name\" content=\"Anne Jacquemin Sablon\" \/>\n<meta property=\"article:modified_time\" content=\"2026-02-12T14:45:26+00:00\" \/>\n<meta property=\"og:image\" content=\"https:\/\/www.annejacqueminsablon.fr\/wp-content\/uploads\/2026\/02\/Arka-sculpture-lumineuse-ED-34-fond-blanc.jpg\" \/>\n\t<meta property=\"og:image:width\" content=\"1024\" \/>\n\t<meta property=\"og:image:height\" content=\"1280\" \/>\n\t<meta property=\"og:image:type\" content=\"image\/jpeg\" \/>\n<meta name=\"twitter:card\" content=\"summary_large_image\" \/>\n<meta name=\"twitter:label1\" content=\"Est. reading time\" \/>\n\t<meta name=\"twitter:data1\" content=\"2 minutes\" \/>\n<script type=\"application\/ld+json\" class=\"yoast-schema-graph\">{\"@context\":\"https:\/\/schema.org\",\"@graph\":[{\"@type\":\"WebPage\",\"@id\":\"https:\/\/www.annejacqueminsablon.fr\/en\/produit\/arka-sculpture-lumineuse\/\",\"url\":\"https:\/\/www.annejacqueminsablon.fr\/en\/produit\/arka-sculpture-lumineuse\/\",\"name\":\"Arka Sculpture lumineuse - Anne Jacquemin Sablon\",\"isPartOf\":{\"@id\":\"https:\/\/www.annejacqueminsablon.fr\/#website\"},\"primaryImageOfPage\":{\"@id\":\"https:\/\/www.annejacqueminsablon.fr\/en\/produit\/arka-sculpture-lumineuse\/#primaryimage\"},\"image\":{\"@id\":\"https:\/\/www.annejacqueminsablon.fr\/en\/produit\/arka-sculpture-lumineuse\/#primaryimage\"},\"thumbnailUrl\":\"https:\/\/www.annejacqueminsablon.fr\/wp-content\/uploads\/2026\/02\/Arka-sculpture-lumineuse-ED-34-fond-blanc.jpg\",\"datePublished\":\"2026-02-11T17:27:11+00:00\",\"dateModified\":\"2026-02-12T14:45:26+00:00\",\"description\":\"La lumi\u00e8re joue avec la translucidit\u00e9 de la porcelaine r\u00e9v\u00e9lant la singularit\u00e9 de chaque pi\u00e8ce. Elle l\u2019anime, cr\u00e9ant ainsi de v\u00e9ritables ambiances \u00e0 vivre.\",\"breadcrumb\":{\"@id\":\"https:\/\/www.annejacqueminsablon.fr\/en\/produit\/arka-sculpture-lumineuse\/#breadcrumb\"},\"inLanguage\":\"en-US\",\"potentialAction\":[{\"@type\":\"ReadAction\",\"target\":[\"https:\/\/www.annejacqueminsablon.fr\/en\/produit\/arka-sculpture-lumineuse\/\"]}]},{\"@type\":\"ImageObject\",\"inLanguage\":\"en-US\",\"@id\":\"https:\/\/www.annejacqueminsablon.fr\/en\/produit\/arka-sculpture-lumineuse\/#primaryimage\",\"url\":\"https:\/\/www.annejacqueminsablon.fr\/wp-content\/uploads\/2026\/02\/Arka-sculpture-lumineuse-ED-34-fond-blanc.jpg\",\"contentUrl\":\"https:\/\/www.annejacqueminsablon.fr\/wp-content\/uploads\/2026\/02\/Arka-sculpture-lumineuse-ED-34-fond-blanc.jpg\",\"width\":1024,\"height\":1280,\"caption\":\"Arka sculpture lumineuse Etienne Dubernet\"},{\"@type\":\"BreadcrumbList\",\"@id\":\"https:\/\/www.annejacqueminsablon.fr\/en\/produit\/arka-sculpture-lumineuse\/#breadcrumb\",\"itemListElement\":[{\"@type\":\"ListItem\",\"position\":1,\"name\":\"Home\",\"item\":\"https:\/\/www.annejacqueminsablon.fr\/\"},{\"@type\":\"ListItem\",\"position\":2,\"name\":\"Boutique\",\"item\":\"https:\/\/www.annejacqueminsablon.fr\/boutique\/\"},{\"@type\":\"ListItem\",\"position\":3,\"name\":\"Arka Sculpture lumineuse\"}]},{\"@type\":\"WebSite\",\"@id\":\"https:\/\/www.annejacqueminsablon.fr\/#website\",\"url\":\"https:\/\/www.annejacqueminsablon.fr\/\",\"name\":\"Anne Jacquemin Sablon\",\"description\":\"Design d&#039;int\u00e9rieur, mobilier contemporain, arts d\u00e9coratifs\",\"potentialAction\":[{\"@type\":\"SearchAction\",\"target\":{\"@type\":\"EntryPoint\",\"urlTemplate\":\"https:\/\/www.annejacqueminsablon.fr\/?s={search_term_string}\"},\"query-input\":{\"@type\":\"PropertyValueSpecification\",\"valueRequired\":true,\"valueName\":\"search_term_string\"}}],\"inLanguage\":\"en-US\"}]}<\/script>\n<!-- \/ Yoast SEO plugin. -->","yoast_head_json":{"title":"Arka Sculpture lumineuse - Anne Jacquemin Sablon","description":"La lumi\u00e8re joue avec la translucidit\u00e9 de la porcelaine r\u00e9v\u00e9lant la singularit\u00e9 de chaque pi\u00e8ce. Elle l\u2019anime, cr\u00e9ant ainsi de v\u00e9ritables ambiances \u00e0 vivre.","robots":{"index":"index","follow":"follow","max-snippet":"max-snippet:-1","max-image-preview":"max-image-preview:large","max-video-preview":"max-video-preview:-1"},"canonical":"https:\/\/www.annejacqueminsablon.fr\/en\/produit\/arka-sculpture-lumineuse\/","og_locale":"en_US","og_type":"article","og_title":"Arka Sculpture lumineuse - Anne Jacquemin Sablon","og_description":"La lumi\u00e8re joue avec la translucidit\u00e9 de la porcelaine r\u00e9v\u00e9lant la singularit\u00e9 de chaque pi\u00e8ce. Elle l\u2019anime, cr\u00e9ant ainsi de v\u00e9ritables ambiances \u00e0 vivre.","og_url":"https:\/\/www.annejacqueminsablon.fr\/en\/produit\/arka-sculpture-lumineuse\/","og_site_name":"Anne Jacquemin Sablon","article_modified_time":"2026-02-12T14:45:26+00:00","og_image":[{"width":1024,"height":1280,"url":"https:\/\/www.annejacqueminsablon.fr\/wp-content\/uploads\/2026\/02\/Arka-sculpture-lumineuse-ED-34-fond-blanc.jpg","type":"image\/jpeg"}],"twitter_card":"summary_large_image","twitter_misc":{"Est. reading time":"2 minutes"},"schema":{"@context":"https:\/\/schema.org","@graph":[{"@type":"WebPage","@id":"https:\/\/www.annejacqueminsablon.fr\/en\/produit\/arka-sculpture-lumineuse\/","url":"https:\/\/www.annejacqueminsablon.fr\/en\/produit\/arka-sculpture-lumineuse\/","name":"Arka Sculpture lumineuse - Anne Jacquemin Sablon","isPartOf":{"@id":"https:\/\/www.annejacqueminsablon.fr\/#website"},"primaryImageOfPage":{"@id":"https:\/\/www.annejacqueminsablon.fr\/en\/produit\/arka-sculpture-lumineuse\/#primaryimage"},"image":{"@id":"https:\/\/www.annejacqueminsablon.fr\/en\/produit\/arka-sculpture-lumineuse\/#primaryimage"},"thumbnailUrl":"https:\/\/www.annejacqueminsablon.fr\/wp-content\/uploads\/2026\/02\/Arka-sculpture-lumineuse-ED-34-fond-blanc.jpg","datePublished":"2026-02-11T17:27:11+00:00","dateModified":"2026-02-12T14:45:26+00:00","description":"La lumi\u00e8re joue avec la translucidit\u00e9 de la porcelaine r\u00e9v\u00e9lant la singularit\u00e9 de chaque pi\u00e8ce. Elle l\u2019anime, cr\u00e9ant ainsi de v\u00e9ritables ambiances \u00e0 vivre.","breadcrumb":{"@id":"https:\/\/www.annejacqueminsablon.fr\/en\/produit\/arka-sculpture-lumineuse\/#breadcrumb"},"inLanguage":"en-US","potentialAction":[{"@type":"ReadAction","target":["https:\/\/www.annejacqueminsablon.fr\/en\/produit\/arka-sculpture-lumineuse\/"]}]},{"@type":"ImageObject","inLanguage":"en-US","@id":"https:\/\/www.annejacqueminsablon.fr\/en\/produit\/arka-sculpture-lumineuse\/#primaryimage","url":"https:\/\/www.annejacqueminsablon.fr\/wp-content\/uploads\/2026\/02\/Arka-sculpture-lumineuse-ED-34-fond-blanc.jpg","contentUrl":"https:\/\/www.annejacqueminsablon.fr\/wp-content\/uploads\/2026\/02\/Arka-sculpture-lumineuse-ED-34-fond-blanc.jpg","width":1024,"height":1280,"caption":"Arka sculpture lumineuse Etienne Dubernet"},{"@type":"BreadcrumbList","@id":"https:\/\/www.annejacqueminsablon.fr\/en\/produit\/arka-sculpture-lumineuse\/#breadcrumb","itemListElement":[{"@type":"ListItem","position":1,"name":"Home","item":"https:\/\/www.annejacqueminsablon.fr\/"},{"@type":"ListItem","position":2,"name":"Boutique","item":"https:\/\/www.annejacqueminsablon.fr\/boutique\/"},{"@type":"ListItem","position":3,"name":"Arka Sculpture lumineuse"}]},{"@type":"WebSite","@id":"https:\/\/www.annejacqueminsablon.fr\/#website","url":"https:\/\/www.annejacqueminsablon.fr\/","name":"Anne Jacquemin Sablon","description":"Design d&#039;int\u00e9rieur, mobilier contemporain, arts d\u00e9coratifs","potentialAction":[{"@type":"SearchAction","target":{"@type":"EntryPoint","urlTemplate":"https:\/\/www.annejacqueminsablon.fr\/?s={search_term_string}"},"query-input":{"@type":"PropertyValueSpecification","valueRequired":true,"valueName":"search_term_string"}}],"inLanguage":"en-US"}]}},"_links":{"self":[{"href":"https:\/\/www.annejacqueminsablon.fr\/en\/wp-json\/wp\/v2\/product\/8703","targetHints":{"allow":["GET"]}}],"collection":[{"href":"https:\/\/www.annejacqueminsablon.fr\/en\/wp-json\/wp\/v2\/product"}],"about":[{"href":"https:\/\/www.annejacqueminsablon.fr\/en\/wp-json\/wp\/v2\/types\/product"}],"wp:featuredmedia":[{"embeddable":true,"href":"https:\/\/www.annejacqueminsablon.fr\/en\/wp-json\/wp\/v2\/media\/8684"}],"wp:attachment":[{"href":"https:\/\/www.annejacqueminsablon.fr\/en\/wp-json\/wp\/v2\/media?parent=8703"}],"wp:term":[{"taxonomy":"product-pages","embeddable":true,"href":"https:\/\/www.annejacqueminsablon.fr\/en\/wp-json\/wp\/v2\/product-pages?post=8703"},{"taxonomy":"product_cat","embeddable":true,"href":"https:\/\/www.annejacqueminsablon.fr\/en\/wp-json\/wp\/v2\/product_cat?post=8703"},{"taxonomy":"product_tag","embeddable":true,"href":"https:\/\/www.annejacqueminsablon.fr\/en\/wp-json\/wp\/v2\/product_tag?post=8703"}],"curies":[{"name":"wp","href":"https:\/\/api.w.org\/{rel}","templated":true}]}}