{"id":8711,"date":"2026-02-07T15:19:51","date_gmt":"2026-02-07T14:19:51","guid":{"rendered":"https:\/\/www.annejacqueminsablon.fr\/produit\/erosion-stele\/"},"modified":"2026-02-07T15:19:51","modified_gmt":"2026-02-07T14:19:51","slug":"erosion-stele","status":"publish","type":"product","link":"https:\/\/www.annejacqueminsablon.fr\/en\/produit\/erosion-stele\/","title":{"rendered":"Erosion stele"},"content":{"rendered":"<p>EROSION STELE<\/p>\n<p>Alexandre Labruy\u00e8re&#8217;s interest in the movement of pebbles along the Channel coast and the inconstancy of their shape as they travel has led him to retranscribe their movement with his st\u00e8leErosion from the eponymous series. With this piece, he works with ash to reveal its soul, tensioning the lines to translate the effects of time on the wood. The designer reveals the singular character of the material by working it according to its grain, producing a sculptural object anchored to the ground like a cliff.  <\/p>\n<p>The Erosion stele in smoked ash is exclusive to the Anne Jacquemin Sablon gallery.<\/p>\n<p>Options: Customizable on request info@annejacqueminsablon.paris<\/p>\n<p>&nbsp;<\/p>\n<p>Production time between 10 and 12 weeks.<\/p>\n<p>ABOUT THE DESIGNER<br \/>\nAlexandre Labruy\u00e8re is a designer of contemporary furniture and decorative objects. Initially trained in industrial design, he went on to explore many fields of object design (transport, art direction, luggage, etc.) which enabled him to expand his taste for materials, and his skills in using them. After several years with a major industrial sports company, in 2019 he trained as a cabinetmaker with GRETA, the \u00c9cole Boulle in Paris. Today, this training enables him to work with a wide range of materials and cabinetmaking techniques, giving free rein to his philosophy.<br \/>\nIn 2023, Alexandre Labruy\u00e8re entered the national furniture collections with his G\u00e9ridon P\u00e9tiole. He is the 2024 winner of the FD100 by French Design.<\/p>\n","protected":false},"excerpt":{"rendered":"<p>Alexandre Labruy\u00e8re<br \/>\nSt\u00e8le Erosion, 2025<br \/>\nSmoked ash finish, hammered top<br \/>\nD38 x H95 cm \/ D15 \u00d7 H37.4 inches<\/p>\n<p>Options: Customizable on request info@ajs.paris<\/p>\n<p>A certificate of authenticity is issued by the gallery.<\/p>\n","protected":false},"featured_media":8689,"template":"","meta":{"_acf_changed":false},"product-pages":[],"product_cat":[177],"product_tag":[178],"class_list":{"0":"post-8711","1":"product","2":"type-product","3":"status-publish","4":"has-post-thumbnail","6":"product_cat-furniture","7":"product_tag-alexandre-labruyere-en","9":"first","10":"instock","11":"taxable","12":"shipping-taxable","13":"purchasable","14":"product-type-simple"},"acf":[],"yoast_head":"<!-- This site is optimized with the Yoast SEO plugin v23.7 - https:\/\/yoast.com\/wordpress\/plugins\/seo\/ -->\n<title>Erosion stele - Anne Jacquemin Sablon<\/title>\n<meta name=\"description\" content=\"Interested in the movement of pebbles along the Channel coastline and the inconstancy of their shape as they travel, Alexandre Labruy\u00e8re\" \/>\n<meta name=\"robots\" content=\"index, follow, max-snippet:-1, max-image-preview:large, max-video-preview:-1\" \/>\n<link rel=\"canonical\" href=\"https:\/\/www.annejacqueminsablon.fr\/en\/produit\/erosion-stele\/\" \/>\n<meta property=\"og:locale\" content=\"en_US\" \/>\n<meta property=\"og:type\" content=\"article\" \/>\n<meta property=\"og:title\" content=\"Erosion stele - Anne Jacquemin Sablon\" \/>\n<meta property=\"og:description\" content=\"Interested in the movement of pebbles along the Channel coastline and the inconstancy of their shape as they travel, Alexandre Labruy\u00e8re\" \/>\n<meta property=\"og:url\" content=\"https:\/\/www.annejacqueminsablon.fr\/en\/produit\/erosion-stele\/\" \/>\n<meta property=\"og:site_name\" content=\"Anne Jacquemin Sablon\" \/>\n<meta property=\"og:image\" content=\"https:\/\/www.annejacqueminsablon.fr\/wp-content\/uploads\/2026\/02\/Stele-erosion-Alexandre-L-scaled.jpg\" \/>\n\t<meta property=\"og:image:width\" content=\"2048\" \/>\n\t<meta property=\"og:image:height\" content=\"2560\" \/>\n\t<meta property=\"og:image:type\" content=\"image\/jpeg\" \/>\n<meta name=\"twitter:card\" content=\"summary_large_image\" \/>\n<meta name=\"twitter:label1\" content=\"Est. reading time\" \/>\n\t<meta name=\"twitter:data1\" content=\"1 minute\" \/>\n<script type=\"application\/ld+json\" class=\"yoast-schema-graph\">{\"@context\":\"https:\/\/schema.org\",\"@graph\":[{\"@type\":\"WebPage\",\"@id\":\"https:\/\/www.annejacqueminsablon.fr\/en\/produit\/erosion-stele\/\",\"url\":\"https:\/\/www.annejacqueminsablon.fr\/en\/produit\/erosion-stele\/\",\"name\":\"Erosion stele - Anne Jacquemin Sablon\",\"isPartOf\":{\"@id\":\"https:\/\/www.annejacqueminsablon.fr\/#website\"},\"primaryImageOfPage\":{\"@id\":\"https:\/\/www.annejacqueminsablon.fr\/en\/produit\/erosion-stele\/#primaryimage\"},\"image\":{\"@id\":\"https:\/\/www.annejacqueminsablon.fr\/en\/produit\/erosion-stele\/#primaryimage\"},\"thumbnailUrl\":\"https:\/\/www.annejacqueminsablon.fr\/wp-content\/uploads\/2026\/02\/Stele-erosion-Alexandre-L-scaled.jpg\",\"datePublished\":\"2026-02-07T14:19:51+00:00\",\"dateModified\":\"2026-02-07T14:19:51+00:00\",\"description\":\"Interested in the movement of pebbles along the Channel coastline and the inconstancy of their shape as they travel, Alexandre Labruy\u00e8re\",\"breadcrumb\":{\"@id\":\"https:\/\/www.annejacqueminsablon.fr\/en\/produit\/erosion-stele\/#breadcrumb\"},\"inLanguage\":\"en-US\",\"potentialAction\":[{\"@type\":\"ReadAction\",\"target\":[\"https:\/\/www.annejacqueminsablon.fr\/en\/produit\/erosion-stele\/\"]}]},{\"@type\":\"ImageObject\",\"inLanguage\":\"en-US\",\"@id\":\"https:\/\/www.annejacqueminsablon.fr\/en\/produit\/erosion-stele\/#primaryimage\",\"url\":\"https:\/\/www.annejacqueminsablon.fr\/wp-content\/uploads\/2026\/02\/Stele-erosion-Alexandre-L-scaled.jpg\",\"contentUrl\":\"https:\/\/www.annejacqueminsablon.fr\/wp-content\/uploads\/2026\/02\/Stele-erosion-Alexandre-L-scaled.jpg\",\"width\":2048,\"height\":2560,\"caption\":\"Ste\u0300le erosion Alexandre Labruy\u00e8re\"},{\"@type\":\"BreadcrumbList\",\"@id\":\"https:\/\/www.annejacqueminsablon.fr\/en\/produit\/erosion-stele\/#breadcrumb\",\"itemListElement\":[{\"@type\":\"ListItem\",\"position\":1,\"name\":\"Home\",\"item\":\"https:\/\/www.annejacqueminsablon.fr\/\"},{\"@type\":\"ListItem\",\"position\":2,\"name\":\"Boutique\",\"item\":\"https:\/\/www.annejacqueminsablon.fr\/boutique\/\"},{\"@type\":\"ListItem\",\"position\":3,\"name\":\"Erosion stele\"}]},{\"@type\":\"WebSite\",\"@id\":\"https:\/\/www.annejacqueminsablon.fr\/#website\",\"url\":\"https:\/\/www.annejacqueminsablon.fr\/\",\"name\":\"Anne Jacquemin Sablon\",\"description\":\"Design d&#039;int\u00e9rieur, mobilier contemporain, arts d\u00e9coratifs\",\"potentialAction\":[{\"@type\":\"SearchAction\",\"target\":{\"@type\":\"EntryPoint\",\"urlTemplate\":\"https:\/\/www.annejacqueminsablon.fr\/?s={search_term_string}\"},\"query-input\":{\"@type\":\"PropertyValueSpecification\",\"valueRequired\":true,\"valueName\":\"search_term_string\"}}],\"inLanguage\":\"en-US\"}]}<\/script>\n<!-- \/ Yoast SEO plugin. -->","yoast_head_json":{"title":"Erosion stele - Anne Jacquemin Sablon","description":"Interested in the movement of pebbles along the Channel coastline and the inconstancy of their shape as they travel, Alexandre Labruy\u00e8re","robots":{"index":"index","follow":"follow","max-snippet":"max-snippet:-1","max-image-preview":"max-image-preview:large","max-video-preview":"max-video-preview:-1"},"canonical":"https:\/\/www.annejacqueminsablon.fr\/en\/produit\/erosion-stele\/","og_locale":"en_US","og_type":"article","og_title":"Erosion stele - Anne Jacquemin Sablon","og_description":"Interested in the movement of pebbles along the Channel coastline and the inconstancy of their shape as they travel, Alexandre Labruy\u00e8re","og_url":"https:\/\/www.annejacqueminsablon.fr\/en\/produit\/erosion-stele\/","og_site_name":"Anne Jacquemin Sablon","og_image":[{"width":2048,"height":2560,"url":"https:\/\/www.annejacqueminsablon.fr\/wp-content\/uploads\/2026\/02\/Stele-erosion-Alexandre-L-scaled.jpg","type":"image\/jpeg"}],"twitter_card":"summary_large_image","twitter_misc":{"Est. reading time":"1 minute"},"schema":{"@context":"https:\/\/schema.org","@graph":[{"@type":"WebPage","@id":"https:\/\/www.annejacqueminsablon.fr\/en\/produit\/erosion-stele\/","url":"https:\/\/www.annejacqueminsablon.fr\/en\/produit\/erosion-stele\/","name":"Erosion stele - Anne Jacquemin Sablon","isPartOf":{"@id":"https:\/\/www.annejacqueminsablon.fr\/#website"},"primaryImageOfPage":{"@id":"https:\/\/www.annejacqueminsablon.fr\/en\/produit\/erosion-stele\/#primaryimage"},"image":{"@id":"https:\/\/www.annejacqueminsablon.fr\/en\/produit\/erosion-stele\/#primaryimage"},"thumbnailUrl":"https:\/\/www.annejacqueminsablon.fr\/wp-content\/uploads\/2026\/02\/Stele-erosion-Alexandre-L-scaled.jpg","datePublished":"2026-02-07T14:19:51+00:00","dateModified":"2026-02-07T14:19:51+00:00","description":"Interested in the movement of pebbles along the Channel coastline and the inconstancy of their shape as they travel, Alexandre Labruy\u00e8re","breadcrumb":{"@id":"https:\/\/www.annejacqueminsablon.fr\/en\/produit\/erosion-stele\/#breadcrumb"},"inLanguage":"en-US","potentialAction":[{"@type":"ReadAction","target":["https:\/\/www.annejacqueminsablon.fr\/en\/produit\/erosion-stele\/"]}]},{"@type":"ImageObject","inLanguage":"en-US","@id":"https:\/\/www.annejacqueminsablon.fr\/en\/produit\/erosion-stele\/#primaryimage","url":"https:\/\/www.annejacqueminsablon.fr\/wp-content\/uploads\/2026\/02\/Stele-erosion-Alexandre-L-scaled.jpg","contentUrl":"https:\/\/www.annejacqueminsablon.fr\/wp-content\/uploads\/2026\/02\/Stele-erosion-Alexandre-L-scaled.jpg","width":2048,"height":2560,"caption":"Ste\u0300le erosion Alexandre Labruy\u00e8re"},{"@type":"BreadcrumbList","@id":"https:\/\/www.annejacqueminsablon.fr\/en\/produit\/erosion-stele\/#breadcrumb","itemListElement":[{"@type":"ListItem","position":1,"name":"Home","item":"https:\/\/www.annejacqueminsablon.fr\/"},{"@type":"ListItem","position":2,"name":"Boutique","item":"https:\/\/www.annejacqueminsablon.fr\/boutique\/"},{"@type":"ListItem","position":3,"name":"Erosion stele"}]},{"@type":"WebSite","@id":"https:\/\/www.annejacqueminsablon.fr\/#website","url":"https:\/\/www.annejacqueminsablon.fr\/","name":"Anne Jacquemin Sablon","description":"Design d&#039;int\u00e9rieur, mobilier contemporain, arts d\u00e9coratifs","potentialAction":[{"@type":"SearchAction","target":{"@type":"EntryPoint","urlTemplate":"https:\/\/www.annejacqueminsablon.fr\/?s={search_term_string}"},"query-input":{"@type":"PropertyValueSpecification","valueRequired":true,"valueName":"search_term_string"}}],"inLanguage":"en-US"}]}},"_links":{"self":[{"href":"https:\/\/www.annejacqueminsablon.fr\/en\/wp-json\/wp\/v2\/product\/8711","targetHints":{"allow":["GET"]}}],"collection":[{"href":"https:\/\/www.annejacqueminsablon.fr\/en\/wp-json\/wp\/v2\/product"}],"about":[{"href":"https:\/\/www.annejacqueminsablon.fr\/en\/wp-json\/wp\/v2\/types\/product"}],"wp:featuredmedia":[{"embeddable":true,"href":"https:\/\/www.annejacqueminsablon.fr\/en\/wp-json\/wp\/v2\/media\/8689"}],"wp:attachment":[{"href":"https:\/\/www.annejacqueminsablon.fr\/en\/wp-json\/wp\/v2\/media?parent=8711"}],"wp:term":[{"taxonomy":"product-pages","embeddable":true,"href":"https:\/\/www.annejacqueminsablon.fr\/en\/wp-json\/wp\/v2\/product-pages?post=8711"},{"taxonomy":"product_cat","embeddable":true,"href":"https:\/\/www.annejacqueminsablon.fr\/en\/wp-json\/wp\/v2\/product_cat?post=8711"},{"taxonomy":"product_tag","embeddable":true,"href":"https:\/\/www.annejacqueminsablon.fr\/en\/wp-json\/wp\/v2\/product_tag?post=8711"}],"curies":[{"name":"wp","href":"https:\/\/api.w.org\/{rel}","templated":true}]}}