{"id":8759,"date":"2026-02-13T13:19:24","date_gmt":"2026-02-13T12:19:24","guid":{"rendered":"https:\/\/www.annejacqueminsablon.fr\/?post_type=product&#038;p=8759"},"modified":"2026-02-13T14:00:40","modified_gmt":"2026-02-13T13:00:40","slug":"11-module-erosion","status":"publish","type":"product","link":"https:\/\/www.annejacqueminsablon.fr\/en\/produit\/11-module-erosion\/","title":{"rendered":"11 Module Erosion"},"content":{"rendered":"<p>11 Back-to-Back Sofa Erosion Module<\/p>\n<p>Interested in the movement of pebbles along the coastline of the English Channel and the inconsistency of their shape during their journey, Alexandre Labruy\u00e8re transcribes their movement with his module<br \/>\nErosion from the eponymous series. With this piece, he works with oak to reveal its soul and creates tension in the lines to convey the effects of time on the wood. The designer reveals the unique character of the material by working with its grain, producing a sculptural object anchored to the ground like a cliff.<br \/>\nThe 11 Erosion module in oak is exclusive to the Anne Jacquemin Sablon gallery.<\/p>\n<p>Production time between 10 and 12 weeks.<\/p>\n<p>ABOUT THE DESIGNER<br \/>\nAlexandre Labruy\u00e8re is a designer of contemporary furniture and decorative objects. Initially trained in industrial design, he then explored numerous fields of object design (transport, art direction,<br \/>\n luggage, etc.), which allowed him to expand his taste for materials and his skills in using them. After several years with a major sports manufacturing company, he trained<br \/>\nas a cabinetmaker in 2019 with GRETA at the \u00c9cole Boulle in Paris. This training now enables him to work with a wide range of materials using cabinetmaking techniques, allowing him to<br \/>\ngive free rein to his philosophy.<br \/>\nIn 2023, Alexandre Labruy\u00e8re entered the National Furniture Collections with his G\u00e9ridon P\u00e9tiole. He is the 2024 winner of the FD100 by French Design.<\/p>\n","protected":false},"excerpt":{"rendered":"<p>Alexandre Labruy\u00e8re<br \/>\n11 Module Erosion, 2025<br \/>\nSmoked oak, leather, fabric<br \/>\nL250 x W230 x H90 cm\/ L 98.4 x W 90.6 x H 35.4 inches<br \/>A certificate of authenticity is issued by the gallery.<\/p>\n","protected":false},"featured_media":8757,"template":"","meta":{"_acf_changed":false},"product-pages":[],"product_cat":[177],"product_tag":[178],"class_list":{"0":"post-8759","1":"product","2":"type-product","3":"status-publish","4":"has-post-thumbnail","6":"product_cat-furniture","7":"product_tag-alexandre-labruyere-en","9":"first","10":"instock","11":"taxable","12":"shipping-taxable","13":"purchasable","14":"product-type-simple"},"acf":[],"yoast_head":"<!-- This site is optimized with the Yoast SEO plugin v23.7 - https:\/\/yoast.com\/wordpress\/plugins\/seo\/ -->\n<title>11 Module Erosion - Anne Jacquemin Sabon<\/title>\n<meta name=\"description\" content=\"11 Module Erosion, from the eponymous series. In this piece, he works with oak to reveal the material\u2019s essence, creating tension in the lines to express the effects of time on the wood.\" \/>\n<meta name=\"robots\" content=\"index, follow, max-snippet:-1, max-image-preview:large, max-video-preview:-1\" \/>\n<link rel=\"canonical\" href=\"https:\/\/www.annejacqueminsablon.fr\/en\/produit\/11-module-erosion\/\" \/>\n<meta property=\"og:locale\" content=\"en_US\" \/>\n<meta property=\"og:type\" content=\"article\" \/>\n<meta property=\"og:title\" content=\"11 Module Erosion - Anne Jacquemin Sabon\" \/>\n<meta property=\"og:description\" content=\"11 Module Erosion, from the eponymous series. In this piece, he works with oak to reveal the material\u2019s essence, creating tension in the lines to express the effects of time on the wood.\" \/>\n<meta property=\"og:url\" content=\"https:\/\/www.annejacqueminsablon.fr\/en\/produit\/11-module-erosion\/\" \/>\n<meta property=\"og:site_name\" content=\"Anne Jacquemin Sablon\" \/>\n<meta property=\"article:modified_time\" content=\"2026-02-13T13:00:40+00:00\" \/>\n<meta property=\"og:image\" content=\"https:\/\/www.annejacqueminsablon.fr\/wp-content\/uploads\/2026\/02\/canape_11_module_erosion_fb-scaled.jpg\" \/>\n\t<meta property=\"og:image:width\" content=\"2560\" \/>\n\t<meta property=\"og:image:height\" content=\"1920\" \/>\n\t<meta property=\"og:image:type\" content=\"image\/jpeg\" \/>\n<meta name=\"twitter:card\" content=\"summary_large_image\" \/>\n<meta name=\"twitter:label1\" content=\"Est. reading time\" \/>\n\t<meta name=\"twitter:data1\" content=\"2 minutes\" \/>\n<script type=\"application\/ld+json\" class=\"yoast-schema-graph\">{\"@context\":\"https:\/\/schema.org\",\"@graph\":[{\"@type\":\"WebPage\",\"@id\":\"https:\/\/www.annejacqueminsablon.fr\/en\/produit\/11-module-erosion\/\",\"url\":\"https:\/\/www.annejacqueminsablon.fr\/en\/produit\/11-module-erosion\/\",\"name\":\"11 Module Erosion - Anne Jacquemin Sabon\",\"isPartOf\":{\"@id\":\"https:\/\/www.annejacqueminsablon.fr\/#website\"},\"primaryImageOfPage\":{\"@id\":\"https:\/\/www.annejacqueminsablon.fr\/en\/produit\/11-module-erosion\/#primaryimage\"},\"image\":{\"@id\":\"https:\/\/www.annejacqueminsablon.fr\/en\/produit\/11-module-erosion\/#primaryimage\"},\"thumbnailUrl\":\"https:\/\/www.annejacqueminsablon.fr\/wp-content\/uploads\/2026\/02\/canape_11_module_erosion_fb-scaled.jpg\",\"datePublished\":\"2026-02-13T12:19:24+00:00\",\"dateModified\":\"2026-02-13T13:00:40+00:00\",\"description\":\"11 Module Erosion, from the eponymous series. In this piece, he works with oak to reveal the material\u2019s essence, creating tension in the lines to express the effects of time on the wood.\",\"breadcrumb\":{\"@id\":\"https:\/\/www.annejacqueminsablon.fr\/en\/produit\/11-module-erosion\/#breadcrumb\"},\"inLanguage\":\"en-US\",\"potentialAction\":[{\"@type\":\"ReadAction\",\"target\":[\"https:\/\/www.annejacqueminsablon.fr\/en\/produit\/11-module-erosion\/\"]}]},{\"@type\":\"ImageObject\",\"inLanguage\":\"en-US\",\"@id\":\"https:\/\/www.annejacqueminsablon.fr\/en\/produit\/11-module-erosion\/#primaryimage\",\"url\":\"https:\/\/www.annejacqueminsablon.fr\/wp-content\/uploads\/2026\/02\/canape_11_module_erosion_fb-scaled.jpg\",\"contentUrl\":\"https:\/\/www.annejacqueminsablon.fr\/wp-content\/uploads\/2026\/02\/canape_11_module_erosion_fb-scaled.jpg\",\"width\":2560,\"height\":1920,\"caption\":\"Module Erosion Canape\u0301 Dos a\u0300 Dos 11\"},{\"@type\":\"BreadcrumbList\",\"@id\":\"https:\/\/www.annejacqueminsablon.fr\/en\/produit\/11-module-erosion\/#breadcrumb\",\"itemListElement\":[{\"@type\":\"ListItem\",\"position\":1,\"name\":\"Home\",\"item\":\"https:\/\/www.annejacqueminsablon.fr\/\"},{\"@type\":\"ListItem\",\"position\":2,\"name\":\"Boutique\",\"item\":\"https:\/\/www.annejacqueminsablon.fr\/boutique\/\"},{\"@type\":\"ListItem\",\"position\":3,\"name\":\"11 Module Erosion\"}]},{\"@type\":\"WebSite\",\"@id\":\"https:\/\/www.annejacqueminsablon.fr\/#website\",\"url\":\"https:\/\/www.annejacqueminsablon.fr\/\",\"name\":\"Anne Jacquemin Sablon\",\"description\":\"Design d&#039;int\u00e9rieur, mobilier contemporain, arts d\u00e9coratifs\",\"potentialAction\":[{\"@type\":\"SearchAction\",\"target\":{\"@type\":\"EntryPoint\",\"urlTemplate\":\"https:\/\/www.annejacqueminsablon.fr\/?s={search_term_string}\"},\"query-input\":{\"@type\":\"PropertyValueSpecification\",\"valueRequired\":true,\"valueName\":\"search_term_string\"}}],\"inLanguage\":\"en-US\"}]}<\/script>\n<!-- \/ Yoast SEO plugin. -->","yoast_head_json":{"title":"11 Module Erosion - Anne Jacquemin Sabon","description":"11 Module Erosion, from the eponymous series. In this piece, he works with oak to reveal the material\u2019s essence, creating tension in the lines to express the effects of time on the wood.","robots":{"index":"index","follow":"follow","max-snippet":"max-snippet:-1","max-image-preview":"max-image-preview:large","max-video-preview":"max-video-preview:-1"},"canonical":"https:\/\/www.annejacqueminsablon.fr\/en\/produit\/11-module-erosion\/","og_locale":"en_US","og_type":"article","og_title":"11 Module Erosion - Anne Jacquemin Sabon","og_description":"11 Module Erosion, from the eponymous series. In this piece, he works with oak to reveal the material\u2019s essence, creating tension in the lines to express the effects of time on the wood.","og_url":"https:\/\/www.annejacqueminsablon.fr\/en\/produit\/11-module-erosion\/","og_site_name":"Anne Jacquemin Sablon","article_modified_time":"2026-02-13T13:00:40+00:00","og_image":[{"width":2560,"height":1920,"url":"https:\/\/www.annejacqueminsablon.fr\/wp-content\/uploads\/2026\/02\/canape_11_module_erosion_fb-scaled.jpg","type":"image\/jpeg"}],"twitter_card":"summary_large_image","twitter_misc":{"Est. reading time":"2 minutes"},"schema":{"@context":"https:\/\/schema.org","@graph":[{"@type":"WebPage","@id":"https:\/\/www.annejacqueminsablon.fr\/en\/produit\/11-module-erosion\/","url":"https:\/\/www.annejacqueminsablon.fr\/en\/produit\/11-module-erosion\/","name":"11 Module Erosion - Anne Jacquemin Sabon","isPartOf":{"@id":"https:\/\/www.annejacqueminsablon.fr\/#website"},"primaryImageOfPage":{"@id":"https:\/\/www.annejacqueminsablon.fr\/en\/produit\/11-module-erosion\/#primaryimage"},"image":{"@id":"https:\/\/www.annejacqueminsablon.fr\/en\/produit\/11-module-erosion\/#primaryimage"},"thumbnailUrl":"https:\/\/www.annejacqueminsablon.fr\/wp-content\/uploads\/2026\/02\/canape_11_module_erosion_fb-scaled.jpg","datePublished":"2026-02-13T12:19:24+00:00","dateModified":"2026-02-13T13:00:40+00:00","description":"11 Module Erosion, from the eponymous series. In this piece, he works with oak to reveal the material\u2019s essence, creating tension in the lines to express the effects of time on the wood.","breadcrumb":{"@id":"https:\/\/www.annejacqueminsablon.fr\/en\/produit\/11-module-erosion\/#breadcrumb"},"inLanguage":"en-US","potentialAction":[{"@type":"ReadAction","target":["https:\/\/www.annejacqueminsablon.fr\/en\/produit\/11-module-erosion\/"]}]},{"@type":"ImageObject","inLanguage":"en-US","@id":"https:\/\/www.annejacqueminsablon.fr\/en\/produit\/11-module-erosion\/#primaryimage","url":"https:\/\/www.annejacqueminsablon.fr\/wp-content\/uploads\/2026\/02\/canape_11_module_erosion_fb-scaled.jpg","contentUrl":"https:\/\/www.annejacqueminsablon.fr\/wp-content\/uploads\/2026\/02\/canape_11_module_erosion_fb-scaled.jpg","width":2560,"height":1920,"caption":"Module Erosion Canape\u0301 Dos a\u0300 Dos 11"},{"@type":"BreadcrumbList","@id":"https:\/\/www.annejacqueminsablon.fr\/en\/produit\/11-module-erosion\/#breadcrumb","itemListElement":[{"@type":"ListItem","position":1,"name":"Home","item":"https:\/\/www.annejacqueminsablon.fr\/"},{"@type":"ListItem","position":2,"name":"Boutique","item":"https:\/\/www.annejacqueminsablon.fr\/boutique\/"},{"@type":"ListItem","position":3,"name":"11 Module Erosion"}]},{"@type":"WebSite","@id":"https:\/\/www.annejacqueminsablon.fr\/#website","url":"https:\/\/www.annejacqueminsablon.fr\/","name":"Anne Jacquemin Sablon","description":"Design d&#039;int\u00e9rieur, mobilier contemporain, arts d\u00e9coratifs","potentialAction":[{"@type":"SearchAction","target":{"@type":"EntryPoint","urlTemplate":"https:\/\/www.annejacqueminsablon.fr\/?s={search_term_string}"},"query-input":{"@type":"PropertyValueSpecification","valueRequired":true,"valueName":"search_term_string"}}],"inLanguage":"en-US"}]}},"_links":{"self":[{"href":"https:\/\/www.annejacqueminsablon.fr\/en\/wp-json\/wp\/v2\/product\/8759","targetHints":{"allow":["GET"]}}],"collection":[{"href":"https:\/\/www.annejacqueminsablon.fr\/en\/wp-json\/wp\/v2\/product"}],"about":[{"href":"https:\/\/www.annejacqueminsablon.fr\/en\/wp-json\/wp\/v2\/types\/product"}],"wp:featuredmedia":[{"embeddable":true,"href":"https:\/\/www.annejacqueminsablon.fr\/en\/wp-json\/wp\/v2\/media\/8757"}],"wp:attachment":[{"href":"https:\/\/www.annejacqueminsablon.fr\/en\/wp-json\/wp\/v2\/media?parent=8759"}],"wp:term":[{"taxonomy":"product-pages","embeddable":true,"href":"https:\/\/www.annejacqueminsablon.fr\/en\/wp-json\/wp\/v2\/product-pages?post=8759"},{"taxonomy":"product_cat","embeddable":true,"href":"https:\/\/www.annejacqueminsablon.fr\/en\/wp-json\/wp\/v2\/product_cat?post=8759"},{"taxonomy":"product_tag","embeddable":true,"href":"https:\/\/www.annejacqueminsablon.fr\/en\/wp-json\/wp\/v2\/product_tag?post=8759"}],"curies":[{"name":"wp","href":"https:\/\/api.w.org\/{rel}","templated":true}]}}