{"id":8795,"date":"2026-02-13T13:06:13","date_gmt":"2026-02-13T12:06:13","guid":{"rendered":"https:\/\/www.annejacqueminsablon.fr\/?post_type=product&#038;p=8795"},"modified":"2026-02-13T13:06:13","modified_gmt":"2026-02-13T12:06:13","slug":"erosion-dressing-table","status":"publish","type":"product","link":"https:\/\/www.annejacqueminsablon.fr\/en\/produit\/erosion-dressing-table\/","title":{"rendered":"Erosion Dressing Table"},"content":{"rendered":"<p>Erosion Dressing Table<\/p>\n<p>Interested in the movement of pebbles along the coast of the English Channel and the inconsistency of their shape during their journey, Alexandre Labruy\u00e8re transcribes their movement with his Erosion dressing table from the eponymous series. With this piece, he works with oak to reveal its soul. He creates tension in the lines to convey the effects of time on the wood. The designer reveals the unique character of the material by working with its grain and produces a sculptural object anchored to the ground, like a cliff.    <\/p>\n<p>The Erosion dressing table in matt natural oak is a limited edition exclusive to the Anne Jacquemin Sablon gallery.<\/p>\n<p>Production time between 10 and 12 weeks.<\/p>\n<p>ABOUT THE DESIGNER<br \/>\nAlexandre Labruy\u00e8re is a designer of contemporary furniture and decorative objects. Initially trained in industrial design, he went on to explore many fields of object design (transportation, art direction, luggage, etc.). This allowed him to expand his taste for materials and his skills in using them. After several years with a major sports manufacturing company, he trained as a cabinetmaker at the \u00c9cole Boulle in Paris in 2019. This training now allows him to work with a wide range of materials using cabinetmaking techniques, giving free rein to his philosophy.<br \/>\nIn 2023, Alexandre Labruy\u00e8re entered the collections of the Mobilier National with his G\u00e9ridon P\u00e9tiole.    He is the 2024 winner of the FD100 by French Design.<\/p>\n","protected":false},"excerpt":{"rendered":"<p>Alexandre Labruy\u00e8re<br \/>\nErosion Hairdressing Table, 2025<br \/>\nSmoked oak finish<br \/>\nL140 x D40 x H75 cm \/ L55.1 x D15.75 x H29.53 inches<br \/>A certificate of authenticity is issued by the gallery.<\/p>\n","protected":false},"featured_media":8786,"template":"","meta":{"_acf_changed":false},"product-pages":[],"product_cat":[177],"product_tag":[178],"class_list":{"0":"post-8795","1":"product","2":"type-product","3":"status-publish","4":"has-post-thumbnail","6":"product_cat-furniture","7":"product_tag-alexandre-labruyere-en","9":"first","10":"instock","11":"taxable","12":"shipping-taxable","13":"purchasable","14":"product-type-simple"},"acf":[],"yoast_head":"<!-- This site is optimized with the Yoast SEO plugin v23.7 - https:\/\/yoast.com\/wordpress\/plugins\/seo\/ -->\n<title>Erosion Dressing Table - Anne Jacquemin Sablon<\/title>\n<meta name=\"description\" content=\"Interested in the movement of pebbles along the coastline of the English Channel, Alexandre Labruy\u00e8re recreates their movement with his Erosion dressing table.\" \/>\n<meta name=\"robots\" content=\"index, follow, max-snippet:-1, max-image-preview:large, max-video-preview:-1\" \/>\n<link rel=\"canonical\" href=\"https:\/\/www.annejacqueminsablon.fr\/en\/produit\/erosion-dressing-table\/\" \/>\n<meta property=\"og:locale\" content=\"en_US\" \/>\n<meta property=\"og:type\" content=\"article\" \/>\n<meta property=\"og:title\" content=\"Erosion Dressing Table - Anne Jacquemin Sablon\" \/>\n<meta property=\"og:description\" content=\"Interested in the movement of pebbles along the coastline of the English Channel, Alexandre Labruy\u00e8re recreates their movement with his Erosion dressing table.\" \/>\n<meta property=\"og:url\" content=\"https:\/\/www.annejacqueminsablon.fr\/en\/produit\/erosion-dressing-table\/\" \/>\n<meta property=\"og:site_name\" content=\"Anne Jacquemin Sablon\" \/>\n<meta property=\"og:image\" content=\"https:\/\/www.annejacqueminsablon.fr\/wp-content\/uploads\/2026\/02\/coiffeuse_erosion_alexandre_labruyere-scaled.jpg\" \/>\n\t<meta property=\"og:image:width\" content=\"2560\" \/>\n\t<meta property=\"og:image:height\" content=\"1920\" \/>\n\t<meta property=\"og:image:type\" content=\"image\/jpeg\" \/>\n<meta name=\"twitter:card\" content=\"summary_large_image\" \/>\n<meta name=\"twitter:label1\" content=\"Est. reading time\" \/>\n\t<meta name=\"twitter:data1\" content=\"1 minute\" \/>\n<script type=\"application\/ld+json\" class=\"yoast-schema-graph\">{\"@context\":\"https:\/\/schema.org\",\"@graph\":[{\"@type\":\"WebPage\",\"@id\":\"https:\/\/www.annejacqueminsablon.fr\/en\/produit\/erosion-dressing-table\/\",\"url\":\"https:\/\/www.annejacqueminsablon.fr\/en\/produit\/erosion-dressing-table\/\",\"name\":\"Erosion Dressing Table - Anne Jacquemin Sablon\",\"isPartOf\":{\"@id\":\"https:\/\/www.annejacqueminsablon.fr\/#website\"},\"primaryImageOfPage\":{\"@id\":\"https:\/\/www.annejacqueminsablon.fr\/en\/produit\/erosion-dressing-table\/#primaryimage\"},\"image\":{\"@id\":\"https:\/\/www.annejacqueminsablon.fr\/en\/produit\/erosion-dressing-table\/#primaryimage\"},\"thumbnailUrl\":\"https:\/\/www.annejacqueminsablon.fr\/wp-content\/uploads\/2026\/02\/coiffeuse_erosion_alexandre_labruyere-scaled.jpg\",\"datePublished\":\"2026-02-13T12:06:13+00:00\",\"dateModified\":\"2026-02-13T12:06:13+00:00\",\"description\":\"Interested in the movement of pebbles along the coastline of the English Channel, Alexandre Labruy\u00e8re recreates their movement with his Erosion dressing table.\",\"breadcrumb\":{\"@id\":\"https:\/\/www.annejacqueminsablon.fr\/en\/produit\/erosion-dressing-table\/#breadcrumb\"},\"inLanguage\":\"en-US\",\"potentialAction\":[{\"@type\":\"ReadAction\",\"target\":[\"https:\/\/www.annejacqueminsablon.fr\/en\/produit\/erosion-dressing-table\/\"]}]},{\"@type\":\"ImageObject\",\"inLanguage\":\"en-US\",\"@id\":\"https:\/\/www.annejacqueminsablon.fr\/en\/produit\/erosion-dressing-table\/#primaryimage\",\"url\":\"https:\/\/www.annejacqueminsablon.fr\/wp-content\/uploads\/2026\/02\/coiffeuse_erosion_alexandre_labruyere-scaled.jpg\",\"contentUrl\":\"https:\/\/www.annejacqueminsablon.fr\/wp-content\/uploads\/2026\/02\/coiffeuse_erosion_alexandre_labruyere-scaled.jpg\",\"width\":2560,\"height\":1920,\"caption\":\"coiffeuse_erosion_alexandre_labruyere\"},{\"@type\":\"BreadcrumbList\",\"@id\":\"https:\/\/www.annejacqueminsablon.fr\/en\/produit\/erosion-dressing-table\/#breadcrumb\",\"itemListElement\":[{\"@type\":\"ListItem\",\"position\":1,\"name\":\"Home\",\"item\":\"https:\/\/www.annejacqueminsablon.fr\/\"},{\"@type\":\"ListItem\",\"position\":2,\"name\":\"Boutique\",\"item\":\"https:\/\/www.annejacqueminsablon.fr\/boutique\/\"},{\"@type\":\"ListItem\",\"position\":3,\"name\":\"Erosion Dressing Table\"}]},{\"@type\":\"WebSite\",\"@id\":\"https:\/\/www.annejacqueminsablon.fr\/#website\",\"url\":\"https:\/\/www.annejacqueminsablon.fr\/\",\"name\":\"Anne Jacquemin Sablon\",\"description\":\"Design d&#039;int\u00e9rieur, mobilier contemporain, arts d\u00e9coratifs\",\"potentialAction\":[{\"@type\":\"SearchAction\",\"target\":{\"@type\":\"EntryPoint\",\"urlTemplate\":\"https:\/\/www.annejacqueminsablon.fr\/?s={search_term_string}\"},\"query-input\":{\"@type\":\"PropertyValueSpecification\",\"valueRequired\":true,\"valueName\":\"search_term_string\"}}],\"inLanguage\":\"en-US\"}]}<\/script>\n<!-- \/ Yoast SEO plugin. -->","yoast_head_json":{"title":"Erosion Dressing Table - Anne Jacquemin Sablon","description":"Interested in the movement of pebbles along the coastline of the English Channel, Alexandre Labruy\u00e8re recreates their movement with his Erosion dressing table.","robots":{"index":"index","follow":"follow","max-snippet":"max-snippet:-1","max-image-preview":"max-image-preview:large","max-video-preview":"max-video-preview:-1"},"canonical":"https:\/\/www.annejacqueminsablon.fr\/en\/produit\/erosion-dressing-table\/","og_locale":"en_US","og_type":"article","og_title":"Erosion Dressing Table - Anne Jacquemin Sablon","og_description":"Interested in the movement of pebbles along the coastline of the English Channel, Alexandre Labruy\u00e8re recreates their movement with his Erosion dressing table.","og_url":"https:\/\/www.annejacqueminsablon.fr\/en\/produit\/erosion-dressing-table\/","og_site_name":"Anne Jacquemin Sablon","og_image":[{"width":2560,"height":1920,"url":"https:\/\/www.annejacqueminsablon.fr\/wp-content\/uploads\/2026\/02\/coiffeuse_erosion_alexandre_labruyere-scaled.jpg","type":"image\/jpeg"}],"twitter_card":"summary_large_image","twitter_misc":{"Est. reading time":"1 minute"},"schema":{"@context":"https:\/\/schema.org","@graph":[{"@type":"WebPage","@id":"https:\/\/www.annejacqueminsablon.fr\/en\/produit\/erosion-dressing-table\/","url":"https:\/\/www.annejacqueminsablon.fr\/en\/produit\/erosion-dressing-table\/","name":"Erosion Dressing Table - Anne Jacquemin Sablon","isPartOf":{"@id":"https:\/\/www.annejacqueminsablon.fr\/#website"},"primaryImageOfPage":{"@id":"https:\/\/www.annejacqueminsablon.fr\/en\/produit\/erosion-dressing-table\/#primaryimage"},"image":{"@id":"https:\/\/www.annejacqueminsablon.fr\/en\/produit\/erosion-dressing-table\/#primaryimage"},"thumbnailUrl":"https:\/\/www.annejacqueminsablon.fr\/wp-content\/uploads\/2026\/02\/coiffeuse_erosion_alexandre_labruyere-scaled.jpg","datePublished":"2026-02-13T12:06:13+00:00","dateModified":"2026-02-13T12:06:13+00:00","description":"Interested in the movement of pebbles along the coastline of the English Channel, Alexandre Labruy\u00e8re recreates their movement with his Erosion dressing table.","breadcrumb":{"@id":"https:\/\/www.annejacqueminsablon.fr\/en\/produit\/erosion-dressing-table\/#breadcrumb"},"inLanguage":"en-US","potentialAction":[{"@type":"ReadAction","target":["https:\/\/www.annejacqueminsablon.fr\/en\/produit\/erosion-dressing-table\/"]}]},{"@type":"ImageObject","inLanguage":"en-US","@id":"https:\/\/www.annejacqueminsablon.fr\/en\/produit\/erosion-dressing-table\/#primaryimage","url":"https:\/\/www.annejacqueminsablon.fr\/wp-content\/uploads\/2026\/02\/coiffeuse_erosion_alexandre_labruyere-scaled.jpg","contentUrl":"https:\/\/www.annejacqueminsablon.fr\/wp-content\/uploads\/2026\/02\/coiffeuse_erosion_alexandre_labruyere-scaled.jpg","width":2560,"height":1920,"caption":"coiffeuse_erosion_alexandre_labruyere"},{"@type":"BreadcrumbList","@id":"https:\/\/www.annejacqueminsablon.fr\/en\/produit\/erosion-dressing-table\/#breadcrumb","itemListElement":[{"@type":"ListItem","position":1,"name":"Home","item":"https:\/\/www.annejacqueminsablon.fr\/"},{"@type":"ListItem","position":2,"name":"Boutique","item":"https:\/\/www.annejacqueminsablon.fr\/boutique\/"},{"@type":"ListItem","position":3,"name":"Erosion Dressing Table"}]},{"@type":"WebSite","@id":"https:\/\/www.annejacqueminsablon.fr\/#website","url":"https:\/\/www.annejacqueminsablon.fr\/","name":"Anne Jacquemin Sablon","description":"Design d&#039;int\u00e9rieur, mobilier contemporain, arts d\u00e9coratifs","potentialAction":[{"@type":"SearchAction","target":{"@type":"EntryPoint","urlTemplate":"https:\/\/www.annejacqueminsablon.fr\/?s={search_term_string}"},"query-input":{"@type":"PropertyValueSpecification","valueRequired":true,"valueName":"search_term_string"}}],"inLanguage":"en-US"}]}},"_links":{"self":[{"href":"https:\/\/www.annejacqueminsablon.fr\/en\/wp-json\/wp\/v2\/product\/8795","targetHints":{"allow":["GET"]}}],"collection":[{"href":"https:\/\/www.annejacqueminsablon.fr\/en\/wp-json\/wp\/v2\/product"}],"about":[{"href":"https:\/\/www.annejacqueminsablon.fr\/en\/wp-json\/wp\/v2\/types\/product"}],"wp:featuredmedia":[{"embeddable":true,"href":"https:\/\/www.annejacqueminsablon.fr\/en\/wp-json\/wp\/v2\/media\/8786"}],"wp:attachment":[{"href":"https:\/\/www.annejacqueminsablon.fr\/en\/wp-json\/wp\/v2\/media?parent=8795"}],"wp:term":[{"taxonomy":"product-pages","embeddable":true,"href":"https:\/\/www.annejacqueminsablon.fr\/en\/wp-json\/wp\/v2\/product-pages?post=8795"},{"taxonomy":"product_cat","embeddable":true,"href":"https:\/\/www.annejacqueminsablon.fr\/en\/wp-json\/wp\/v2\/product_cat?post=8795"},{"taxonomy":"product_tag","embeddable":true,"href":"https:\/\/www.annejacqueminsablon.fr\/en\/wp-json\/wp\/v2\/product_tag?post=8795"}],"curies":[{"name":"wp","href":"https:\/\/api.w.org\/{rel}","templated":true}]}}