{"id":9007,"date":"2026-02-14T16:36:15","date_gmt":"2026-02-14T15:36:15","guid":{"rendered":"https:\/\/www.annejacqueminsablon.fr\/?post_type=product&#038;p=9007"},"modified":"2026-02-14T16:36:15","modified_gmt":"2026-02-14T15:36:15","slug":"erosion-wall-lamp","status":"publish","type":"product","link":"https:\/\/www.annejacqueminsablon.fr\/en\/produit\/erosion-wall-lamp\/","title":{"rendered":"Erosion wall lamp"},"content":{"rendered":"<p>Erosion wall lamp<\/p>\n<p>Interested in the movement of pebbles along the coast of the English Channel and the inconsistency of their shape during their journey. Alexandre Labruy\u00e8re translates this reflection into the creation of a wall light from the \u00c9rosion series, which is part of the eponymous series. With this wall piece, he works with ash wood to reveal its soul. He creates tension in the lines to convey the effects of time on the wood. The designer reveals the unique character of the material by working with its grain and producing a sculptural object.    <\/p>\n<p>The Erosion wall lamp is exclusive to the Anne Jacquemin Sablon gallery.<\/p>\n<p>Manufacturing time between 10 and 12 weeks.<\/p>\n<p>To customize the finishes, please contact us info@annejacqueminsablon.fr<\/p>\n<p>ABOUT THE DESIGNER<br \/>\nAlexandre Labruy\u00e8re is a designer of contemporary furniture and decorative objects. Initially trained in industrial design, he then explored numerous fields of object design (transportation, art direction, luggage, etc.). This allowed him to expand his taste for materials and his skills in using them. After several years working for a large sports equipment manufacturer, he trained as a cabinetmaker at the \u00c9cole Boulle in Paris in 2019. This training now enables him to work with a wide range of materials using cabinetmaking techniques, allowing him to give free rein to his philosophy.<br \/>\nIn 2023 and 2026, Alexandre Labruy\u00e8re entered the collections of the Mobilier National with his G\u00e9ridon and then his P\u00e9tiole chair.    He is the 2024 winner of the FD100 by French Design.<\/p>\n","protected":false},"excerpt":{"rendered":"<p>Alexandre Labruy\u00e8re<br \/>Erosion wall lamp, 2026<br \/>\nSmoked ash, glossy finish<br \/>\nL200 x D44 x H30 cm \/ L78.7 x D17.3 x H11.8 inches<br \/>A certificate of authenticity is issued by the gallery.<\/p>\n","protected":false},"featured_media":9006,"template":"","meta":{"_acf_changed":false},"product-pages":[],"product_cat":[177,183],"product_tag":[178],"class_list":{"0":"post-9007","1":"product","2":"type-product","3":"status-publish","4":"has-post-thumbnail","6":"product_cat-furniture","7":"product_cat-lighting","8":"product_tag-alexandre-labruyere-en","10":"first","11":"instock","12":"taxable","13":"shipping-taxable","14":"purchasable","15":"product-type-simple"},"acf":[],"yoast_head":"<!-- This site is optimized with the Yoast SEO plugin v23.7 - https:\/\/yoast.com\/wordpress\/plugins\/seo\/ -->\n<title>Erosion wall lamp -Anne Jacquemin Sablon<\/title>\n<meta name=\"description\" content=\"With the Erosion wall lamp, he works with ash wood to reveal its soul and emphasizes the lines to convey the effects of time on the wood.\" \/>\n<meta name=\"robots\" content=\"index, follow, max-snippet:-1, max-image-preview:large, max-video-preview:-1\" \/>\n<link rel=\"canonical\" href=\"https:\/\/www.annejacqueminsablon.fr\/en\/produit\/erosion-wall-lamp\/\" \/>\n<meta property=\"og:locale\" content=\"en_US\" \/>\n<meta property=\"og:type\" content=\"article\" \/>\n<meta property=\"og:title\" content=\"Erosion wall lamp -Anne Jacquemin Sablon\" \/>\n<meta property=\"og:description\" content=\"With the Erosion wall lamp, he works with ash wood to reveal its soul and emphasizes the lines to convey the effects of time on the wood.\" \/>\n<meta property=\"og:url\" content=\"https:\/\/www.annejacqueminsablon.fr\/en\/produit\/erosion-wall-lamp\/\" \/>\n<meta property=\"og:site_name\" content=\"Anne Jacquemin Sablon\" \/>\n<meta property=\"og:image\" content=\"https:\/\/www.annejacqueminsablon.fr\/wp-content\/uploads\/2026\/02\/applique_erosion_alexandre_labruyere-scaled.jpg\" \/>\n\t<meta property=\"og:image:width\" content=\"1920\" \/>\n\t<meta property=\"og:image:height\" content=\"2560\" \/>\n\t<meta property=\"og:image:type\" content=\"image\/jpeg\" \/>\n<meta name=\"twitter:card\" content=\"summary_large_image\" \/>\n<meta name=\"twitter:label1\" content=\"Est. reading time\" \/>\n\t<meta name=\"twitter:data1\" content=\"1 minute\" \/>\n<script type=\"application\/ld+json\" class=\"yoast-schema-graph\">{\"@context\":\"https:\/\/schema.org\",\"@graph\":[{\"@type\":\"WebPage\",\"@id\":\"https:\/\/www.annejacqueminsablon.fr\/en\/produit\/erosion-wall-lamp\/\",\"url\":\"https:\/\/www.annejacqueminsablon.fr\/en\/produit\/erosion-wall-lamp\/\",\"name\":\"Erosion wall lamp -Anne Jacquemin Sablon\",\"isPartOf\":{\"@id\":\"https:\/\/www.annejacqueminsablon.fr\/#website\"},\"primaryImageOfPage\":{\"@id\":\"https:\/\/www.annejacqueminsablon.fr\/en\/produit\/erosion-wall-lamp\/#primaryimage\"},\"image\":{\"@id\":\"https:\/\/www.annejacqueminsablon.fr\/en\/produit\/erosion-wall-lamp\/#primaryimage\"},\"thumbnailUrl\":\"https:\/\/www.annejacqueminsablon.fr\/wp-content\/uploads\/2026\/02\/applique_erosion_alexandre_labruyere-scaled.jpg\",\"datePublished\":\"2026-02-14T15:36:15+00:00\",\"dateModified\":\"2026-02-14T15:36:15+00:00\",\"description\":\"With the Erosion wall lamp, he works with ash wood to reveal its soul and emphasizes the lines to convey the effects of time on the wood.\",\"breadcrumb\":{\"@id\":\"https:\/\/www.annejacqueminsablon.fr\/en\/produit\/erosion-wall-lamp\/#breadcrumb\"},\"inLanguage\":\"en-US\",\"potentialAction\":[{\"@type\":\"ReadAction\",\"target\":[\"https:\/\/www.annejacqueminsablon.fr\/en\/produit\/erosion-wall-lamp\/\"]}]},{\"@type\":\"ImageObject\",\"inLanguage\":\"en-US\",\"@id\":\"https:\/\/www.annejacqueminsablon.fr\/en\/produit\/erosion-wall-lamp\/#primaryimage\",\"url\":\"https:\/\/www.annejacqueminsablon.fr\/wp-content\/uploads\/2026\/02\/applique_erosion_alexandre_labruyere-scaled.jpg\",\"contentUrl\":\"https:\/\/www.annejacqueminsablon.fr\/wp-content\/uploads\/2026\/02\/applique_erosion_alexandre_labruyere-scaled.jpg\",\"width\":1920,\"height\":2560,\"caption\":\"applique_erosion_alexandre_labruye\u0300re\"},{\"@type\":\"BreadcrumbList\",\"@id\":\"https:\/\/www.annejacqueminsablon.fr\/en\/produit\/erosion-wall-lamp\/#breadcrumb\",\"itemListElement\":[{\"@type\":\"ListItem\",\"position\":1,\"name\":\"Home\",\"item\":\"https:\/\/www.annejacqueminsablon.fr\/\"},{\"@type\":\"ListItem\",\"position\":2,\"name\":\"Boutique\",\"item\":\"https:\/\/www.annejacqueminsablon.fr\/boutique\/\"},{\"@type\":\"ListItem\",\"position\":3,\"name\":\"Erosion wall lamp\"}]},{\"@type\":\"WebSite\",\"@id\":\"https:\/\/www.annejacqueminsablon.fr\/#website\",\"url\":\"https:\/\/www.annejacqueminsablon.fr\/\",\"name\":\"Anne Jacquemin Sablon\",\"description\":\"Design d&#039;int\u00e9rieur, mobilier contemporain, arts d\u00e9coratifs\",\"potentialAction\":[{\"@type\":\"SearchAction\",\"target\":{\"@type\":\"EntryPoint\",\"urlTemplate\":\"https:\/\/www.annejacqueminsablon.fr\/?s={search_term_string}\"},\"query-input\":{\"@type\":\"PropertyValueSpecification\",\"valueRequired\":true,\"valueName\":\"search_term_string\"}}],\"inLanguage\":\"en-US\"}]}<\/script>\n<!-- \/ Yoast SEO plugin. -->","yoast_head_json":{"title":"Erosion wall lamp -Anne Jacquemin Sablon","description":"With the Erosion wall lamp, he works with ash wood to reveal its soul and emphasizes the lines to convey the effects of time on the wood.","robots":{"index":"index","follow":"follow","max-snippet":"max-snippet:-1","max-image-preview":"max-image-preview:large","max-video-preview":"max-video-preview:-1"},"canonical":"https:\/\/www.annejacqueminsablon.fr\/en\/produit\/erosion-wall-lamp\/","og_locale":"en_US","og_type":"article","og_title":"Erosion wall lamp -Anne Jacquemin Sablon","og_description":"With the Erosion wall lamp, he works with ash wood to reveal its soul and emphasizes the lines to convey the effects of time on the wood.","og_url":"https:\/\/www.annejacqueminsablon.fr\/en\/produit\/erosion-wall-lamp\/","og_site_name":"Anne Jacquemin Sablon","og_image":[{"width":1920,"height":2560,"url":"https:\/\/www.annejacqueminsablon.fr\/wp-content\/uploads\/2026\/02\/applique_erosion_alexandre_labruyere-scaled.jpg","type":"image\/jpeg"}],"twitter_card":"summary_large_image","twitter_misc":{"Est. reading time":"1 minute"},"schema":{"@context":"https:\/\/schema.org","@graph":[{"@type":"WebPage","@id":"https:\/\/www.annejacqueminsablon.fr\/en\/produit\/erosion-wall-lamp\/","url":"https:\/\/www.annejacqueminsablon.fr\/en\/produit\/erosion-wall-lamp\/","name":"Erosion wall lamp -Anne Jacquemin Sablon","isPartOf":{"@id":"https:\/\/www.annejacqueminsablon.fr\/#website"},"primaryImageOfPage":{"@id":"https:\/\/www.annejacqueminsablon.fr\/en\/produit\/erosion-wall-lamp\/#primaryimage"},"image":{"@id":"https:\/\/www.annejacqueminsablon.fr\/en\/produit\/erosion-wall-lamp\/#primaryimage"},"thumbnailUrl":"https:\/\/www.annejacqueminsablon.fr\/wp-content\/uploads\/2026\/02\/applique_erosion_alexandre_labruyere-scaled.jpg","datePublished":"2026-02-14T15:36:15+00:00","dateModified":"2026-02-14T15:36:15+00:00","description":"With the Erosion wall lamp, he works with ash wood to reveal its soul and emphasizes the lines to convey the effects of time on the wood.","breadcrumb":{"@id":"https:\/\/www.annejacqueminsablon.fr\/en\/produit\/erosion-wall-lamp\/#breadcrumb"},"inLanguage":"en-US","potentialAction":[{"@type":"ReadAction","target":["https:\/\/www.annejacqueminsablon.fr\/en\/produit\/erosion-wall-lamp\/"]}]},{"@type":"ImageObject","inLanguage":"en-US","@id":"https:\/\/www.annejacqueminsablon.fr\/en\/produit\/erosion-wall-lamp\/#primaryimage","url":"https:\/\/www.annejacqueminsablon.fr\/wp-content\/uploads\/2026\/02\/applique_erosion_alexandre_labruyere-scaled.jpg","contentUrl":"https:\/\/www.annejacqueminsablon.fr\/wp-content\/uploads\/2026\/02\/applique_erosion_alexandre_labruyere-scaled.jpg","width":1920,"height":2560,"caption":"applique_erosion_alexandre_labruye\u0300re"},{"@type":"BreadcrumbList","@id":"https:\/\/www.annejacqueminsablon.fr\/en\/produit\/erosion-wall-lamp\/#breadcrumb","itemListElement":[{"@type":"ListItem","position":1,"name":"Home","item":"https:\/\/www.annejacqueminsablon.fr\/"},{"@type":"ListItem","position":2,"name":"Boutique","item":"https:\/\/www.annejacqueminsablon.fr\/boutique\/"},{"@type":"ListItem","position":3,"name":"Erosion wall lamp"}]},{"@type":"WebSite","@id":"https:\/\/www.annejacqueminsablon.fr\/#website","url":"https:\/\/www.annejacqueminsablon.fr\/","name":"Anne Jacquemin Sablon","description":"Design d&#039;int\u00e9rieur, mobilier contemporain, arts d\u00e9coratifs","potentialAction":[{"@type":"SearchAction","target":{"@type":"EntryPoint","urlTemplate":"https:\/\/www.annejacqueminsablon.fr\/?s={search_term_string}"},"query-input":{"@type":"PropertyValueSpecification","valueRequired":true,"valueName":"search_term_string"}}],"inLanguage":"en-US"}]}},"_links":{"self":[{"href":"https:\/\/www.annejacqueminsablon.fr\/en\/wp-json\/wp\/v2\/product\/9007","targetHints":{"allow":["GET"]}}],"collection":[{"href":"https:\/\/www.annejacqueminsablon.fr\/en\/wp-json\/wp\/v2\/product"}],"about":[{"href":"https:\/\/www.annejacqueminsablon.fr\/en\/wp-json\/wp\/v2\/types\/product"}],"wp:featuredmedia":[{"embeddable":true,"href":"https:\/\/www.annejacqueminsablon.fr\/en\/wp-json\/wp\/v2\/media\/9006"}],"wp:attachment":[{"href":"https:\/\/www.annejacqueminsablon.fr\/en\/wp-json\/wp\/v2\/media?parent=9007"}],"wp:term":[{"taxonomy":"product-pages","embeddable":true,"href":"https:\/\/www.annejacqueminsablon.fr\/en\/wp-json\/wp\/v2\/product-pages?post=9007"},{"taxonomy":"product_cat","embeddable":true,"href":"https:\/\/www.annejacqueminsablon.fr\/en\/wp-json\/wp\/v2\/product_cat?post=9007"},{"taxonomy":"product_tag","embeddable":true,"href":"https:\/\/www.annejacqueminsablon.fr\/en\/wp-json\/wp\/v2\/product_tag?post=9007"}],"curies":[{"name":"wp","href":"https:\/\/api.w.org\/{rel}","templated":true}]}}